{"id":19593,"date":"2020-11-02T11:11:05","date_gmt":"2020-11-02T10:11:05","guid":{"rendered":"https:\/\/www.lumis.it\/palazzo-versace-macau\/"},"modified":"2021-06-16T13:23:49","modified_gmt":"2021-06-16T11:23:49","slug":"palazzo-versace-macao","status":"publish","type":"page","link":"https:\/\/www.lumis.it\/it\/palazzo-versace-macao\/","title":{"rendered":"PALAZZO VERSACE MACAO"},"content":{"rendered":"<div class=\"fusion-fullwidth fullwidth-box fusion-builder-row-1 fusion-flex-container nonhundred-percent-fullwidth non-hundred-percent-height-scrolling\" style=\"--awb-border-radius-top-left:0px;--awb-border-radius-top-right:0px;--awb-border-radius-bottom-right:0px;--awb-border-radius-bottom-left:0px;--awb-padding-top:1%;--awb-padding-right:10%;--awb-padding-bottom:0px;--awb-padding-left:10%;--awb-margin-top:0px;--awb-background-color:rgba(255,255,255,0.84);--awb-flex-wrap:wrap;\" ><div class=\"fusion-builder-row fusion-row fusion-flex-align-items-flex-start fusion-flex-content-wrap\" style=\"max-width:1248px;margin-left: calc(-4% \/ 2 );margin-right: calc(-4% \/ 2 );\"><div class=\"fusion-layout-column fusion_builder_column fusion-builder-column-0 fusion_builder_column_1_1 1_1 fusion-flex-column shadow\" style=\"--awb-padding-top:149px;--awb-padding-bottom:166px;--awb-bg-image:url(&#039;https:\/\/www.lumis.it\/wp-content\/uploads\/2020\/10\/versace-macau-3.jpg&#039;);--awb-bg-size:cover;--awb-width-large:100%;--awb-margin-top-large:0px;--awb-spacing-right-large:1.92%;--awb-margin-bottom-large:34px;--awb-spacing-left-large:1.92%;--awb-width-medium:100%;--awb-spacing-right-medium:1.92%;--awb-spacing-left-medium:1.92%;--awb-width-small:100%;--awb-spacing-right-small:1.92%;--awb-spacing-left-small:1.92%;\"><div class=\"fusion-column-wrapper fusion-column-has-shadow fusion-flex-justify-content-flex-start fusion-content-layout-column fusion-column-has-bg-image\" data-bg-url=\"https:\/\/www.lumis.it\/wp-content\/uploads\/2020\/10\/versace-macau-3.jpg\"><!DOCTYPE html>\r\n<html>\r\n<head>\r\n<style>\r\np.custom {\r\n  color: white;\r\n  font-size: 40px;\r\n  text-shadow: 2px 2px 4px #000000;\r\n  text-align: center;\r\n  font-family: 'Times New Roman', Times, serif;\r\n  \r\n}\r\n\r\n.shadow {\r\n   overflow:hidden;\r\n   box-shadow: inset 0 8px 16px 0 rgba(0, 0, 0, 0.2), 0 6px 20px 0 rgba(0, 0, 0, 0.19);\r\n  text-align: center;\r\n}\r\n\r\n<\/style>\r\n<\/head>\r\n<body>\r\n\r\n<!--<div class=\"a\">-->\r\n<p class=\"custom\" style= \"font-size: 250%;\">PALAZZO VERSACE MACAO<\/p>\r\n\r\n\r\n<\/body>\r\n<\/html><\/div><\/div><div class=\"fusion-layout-column fusion_builder_column fusion-builder-column-1 fusion_builder_column_1_2 1_2 fusion-flex-column\" style=\"--awb-padding-top:9px;--awb-padding-right:10%;--awb-padding-left:10%;--awb-bg-size:cover;--awb-width-large:50%;--awb-margin-top-large:0px;--awb-spacing-right-large:0%;--awb-margin-bottom-large:20px;--awb-spacing-left-large:3.84%;--awb-width-medium:50%;--awb-spacing-right-medium:0%;--awb-spacing-left-medium:3.84%;--awb-width-small:100%;--awb-spacing-right-small:1.92%;--awb-spacing-left-small:1.92%;\"><div class=\"fusion-column-wrapper fusion-column-has-shadow fusion-flex-justify-content-flex-start fusion-content-layout-column\"><div class=\"fusion-text fusion-text-1\"><h2>IL PRIMO HOTEL DI LUSSO IN ASIA IN STILE VERSACE<\/h2>\n<p>Situato in una torre di 20 piani con una superficie edificata di oltre 34.000 mq, 270 camere e suite, Palazzo Versace Macau sar\u00e0 il primo hotel di lusso a Macao ad essere progettato da una maison di moda e il primo Palazzo Versace in Asia.<\/p>\n<p>Il progetto dell\u2019hotel \u00e8 avviato e la conclusione della costruzione \u00e8 prevista nei prossimi mesi.<\/p>\n<p>Versace ha curato la direzione stilistica e artistica che comprende interni, arredi, progetto e linee guida dei servizi secondo severi standard qualitativi. Parte integrante del resort casin\u00f2, Palazzo Versace Macau comprender\u00e0 anche un ristorante di alta gastronomia, una spa all\u2019avanguardia, piscina indoor e outdoor, spazi retail e altri servizi e dotazioni di lusso nello stile di Versace.<\/p>\n<\/div><\/div><\/div><div class=\"fusion-layout-column fusion_builder_column fusion-builder-column-2 fusion_builder_column_1_2 1_2 fusion-flex-column\" style=\"--awb-padding-left:5px;--awb-bg-size:cover;--awb-width-large:50%;--awb-margin-top-large:0px;--awb-spacing-right-large:3.84%;--awb-margin-bottom-large:20px;--awb-spacing-left-large:0%;--awb-width-medium:50%;--awb-spacing-right-medium:3.84%;--awb-spacing-left-medium:0%;--awb-width-small:100%;--awb-spacing-right-small:1.92%;--awb-spacing-left-small:1.92%;\"><div class=\"fusion-column-wrapper fusion-column-has-shadow fusion-flex-justify-content-flex-start fusion-content-layout-column\"><div class=\"fusion-image-element \" style=\"text-align:center;--awb-caption-title-font-family:var(--h2_typography-font-family);--awb-caption-title-font-weight:var(--h2_typography-font-weight);--awb-caption-title-font-style:var(--h2_typography-font-style);--awb-caption-title-size:var(--h2_typography-font-size);--awb-caption-title-transform:var(--h2_typography-text-transform);--awb-caption-title-line-height:var(--h2_typography-line-height);--awb-caption-title-letter-spacing:var(--h2_typography-letter-spacing);\"><span class=\" fusion-imageframe imageframe-none imageframe-1 hover-type-none\"><img decoding=\"async\" width=\"1600\" height=\"800\" title=\"versacemacao\" src=\"https:\/\/www.lumis.it\/wp-content\/uploads\/2020\/11\/versacemacao.jpg\" alt class=\"img-responsive wp-image-19580\" srcset=\"https:\/\/www.lumis.it\/wp-content\/uploads\/2020\/11\/versacemacao-200x100.jpg 200w, https:\/\/www.lumis.it\/wp-content\/uploads\/2020\/11\/versacemacao-400x200.jpg 400w, https:\/\/www.lumis.it\/wp-content\/uploads\/2020\/11\/versacemacao-600x300.jpg 600w, https:\/\/www.lumis.it\/wp-content\/uploads\/2020\/11\/versacemacao-800x400.jpg 800w, https:\/\/www.lumis.it\/wp-content\/uploads\/2020\/11\/versacemacao-1200x600.jpg 1200w, https:\/\/www.lumis.it\/wp-content\/uploads\/2020\/11\/versacemacao.jpg 1600w\" sizes=\"(max-width: 640px) 100vw, 600px\" \/><\/span><\/div><div class=\"fusion-image-element \" style=\"--awb-caption-title-font-family:var(--h2_typography-font-family);--awb-caption-title-font-weight:var(--h2_typography-font-weight);--awb-caption-title-font-style:var(--h2_typography-font-style);--awb-caption-title-size:var(--h2_typography-font-size);--awb-caption-title-transform:var(--h2_typography-text-transform);--awb-caption-title-line-height:var(--h2_typography-line-height);--awb-caption-title-letter-spacing:var(--h2_typography-letter-spacing);\"><span class=\" fusion-imageframe imageframe-none imageframe-2 hover-type-none\"><img decoding=\"async\" width=\"1600\" height=\"800\" title=\"versace-hotelliere-01-02-img_150319-desk\" src=\"https:\/\/www.lumis.it\/wp-content\/uploads\/2020\/11\/versace-hotelliere-01-02-img_150319-desk.jpg\" alt class=\"img-responsive wp-image-19583\" srcset=\"https:\/\/www.lumis.it\/wp-content\/uploads\/2020\/11\/versace-hotelliere-01-02-img_150319-desk-200x100.jpg 200w, https:\/\/www.lumis.it\/wp-content\/uploads\/2020\/11\/versace-hotelliere-01-02-img_150319-desk-400x200.jpg 400w, https:\/\/www.lumis.it\/wp-content\/uploads\/2020\/11\/versace-hotelliere-01-02-img_150319-desk-600x300.jpg 600w, https:\/\/www.lumis.it\/wp-content\/uploads\/2020\/11\/versace-hotelliere-01-02-img_150319-desk-800x400.jpg 800w, https:\/\/www.lumis.it\/wp-content\/uploads\/2020\/11\/versace-hotelliere-01-02-img_150319-desk-1200x600.jpg 1200w, https:\/\/www.lumis.it\/wp-content\/uploads\/2020\/11\/versace-hotelliere-01-02-img_150319-desk.jpg 1600w\" sizes=\"(max-width: 640px) 100vw, 600px\" \/><\/span><\/div><\/div><\/div><div class=\"fusion-layout-column fusion_builder_column fusion-builder-column-3 fusion_builder_column_1_1 1_1 fusion-flex-column\" style=\"--awb-padding-right:10%;--awb-padding-left:10%;--awb-bg-size:cover;--awb-width-large:100%;--awb-margin-top-large:0px;--awb-spacing-right-large:1.92%;--awb-margin-bottom-large:20px;--awb-spacing-left-large:1.92%;--awb-width-medium:100%;--awb-spacing-right-medium:1.92%;--awb-spacing-left-medium:1.92%;--awb-width-small:100%;--awb-spacing-right-small:1.92%;--awb-spacing-left-small:1.92%;\"><div class=\"fusion-column-wrapper fusion-column-has-shadow fusion-flex-justify-content-flex-start fusion-content-layout-column\"><div class=\"fusion-separator fusion-full-width-sep\" style=\"align-self: center;margin-left: auto;margin-right: auto;width:100%;\"><div class=\"fusion-separator-border sep-shadow\" style=\"--awb-height:20px;--awb-amount:20px;background:radial-gradient(ellipse at 50% -50% , #e0dede 0px, rgba(255, 255, 255, 0) 80%) repeat scroll 0 0 rgba(0, 0, 0, 0);background:-webkit-radial-gradient(ellipse at 50% -50% , #e0dede 0px, rgba(255, 255, 255, 0) 80%) repeat scroll 0 0 rgba(0, 0, 0, 0);background:-moz-radial-gradient(ellipse at 50% -50% , #e0dede 0px, rgba(255, 255, 255, 0) 80%) repeat scroll 0 0 rgba(0, 0, 0, 0);background:-o-radial-gradient(ellipse at 50% -50% , #e0dede 0px, rgba(255, 255, 255, 0) 80%) repeat scroll 0 0 rgba(0, 0, 0, 0);\"><\/div><\/div><\/div><\/div><div class=\"fusion-layout-column fusion_builder_column fusion-builder-column-4 fusion_builder_column_1_1 1_1 fusion-flex-column\" style=\"--awb-padding-right:10%;--awb-padding-left:10%;--awb-bg-size:cover;--awb-width-large:100%;--awb-margin-top-large:0px;--awb-spacing-right-large:1.92%;--awb-margin-bottom-large:20px;--awb-spacing-left-large:1.92%;--awb-width-medium:100%;--awb-spacing-right-medium:1.92%;--awb-spacing-left-medium:1.92%;--awb-width-small:100%;--awb-spacing-right-small:1.92%;--awb-spacing-left-small:1.92%;\"><div class=\"fusion-column-wrapper fusion-column-has-shadow fusion-flex-justify-content-flex-start fusion-content-layout-column\"><div class=\"fusion-text fusion-text-2\"><h3 style=\"text-align: left;\">AMBIRE A FORNIRE UN&#8217;ESPERIENZA ESCLUSIVA<\/h3>\n<p style=\"text-align: left;\">Versace ha progettato gli interni e creato gli arredi di tutte le camere e aree comuni. Palazzo Versace arricchir\u00e0 Macao con una struttura speciale che ambisce a fornire una esperienza esclusiva. Per l\u2019illuminazione \u00e8 stata chiamata LUMIS, che dopo la collaborazione per Palazzo Versace di Dubai si \u00e8 cimentata in questa nuova sfida ancor pi\u00f9 impegnativa.<\/p>\n<\/div><\/div><\/div><div class=\"fusion-layout-column fusion_builder_column fusion-builder-column-5 fusion_builder_column_1_4 1_4 fusion-flex-column\" style=\"--awb-bg-size:cover;--awb-width-large:25%;--awb-margin-top-large:0px;--awb-spacing-right-large:3.84%;--awb-margin-bottom-large:20px;--awb-spacing-left-large:7.68%;--awb-width-medium:25%;--awb-spacing-right-medium:3.84%;--awb-spacing-left-medium:7.68%;--awb-width-small:100%;--awb-spacing-right-small:1.92%;--awb-spacing-left-small:1.92%;\"><div class=\"fusion-column-wrapper fusion-column-has-shadow fusion-flex-justify-content-flex-start fusion-content-layout-column\"><a class=\"awb-lightbox awb-lightbox-1\" href=\"https:\/\/www.lumis.it\/wp-content\/uploads\/2020\/09\/9832383_47_z-200x300.jpg\" data-rel=\"iLightbox\"><img decoding=\"async\" src=\"https:\/\/www.lumis.it\/wp-content\/uploads\/2021\/01\/9832383_47_z.jpg\"><\/a><\/div><\/div><div class=\"fusion-layout-column fusion_builder_column fusion-builder-column-6 fusion_builder_column_1_4 1_4 fusion-flex-column\" style=\"--awb-bg-size:cover;--awb-width-large:25%;--awb-margin-top-large:0px;--awb-spacing-right-large:3.84%;--awb-margin-bottom-large:0px;--awb-spacing-left-large:3.84%;--awb-width-medium:25%;--awb-spacing-right-medium:3.84%;--awb-spacing-left-medium:3.84%;--awb-width-small:100%;--awb-spacing-right-small:1.92%;--awb-spacing-left-small:1.92%;\"><div class=\"fusion-column-wrapper fusion-column-has-shadow fusion-flex-justify-content-flex-start fusion-content-layout-column\"><a class=\"awb-lightbox awb-lightbox-2\" href=\"https:\/\/www.lumis.it\/wp-content\/uploads\/2020\/09\/9832383_35_z-300x235.jpg\" data-rel=\"iLightbox\"><img decoding=\"async\" src=\"https:\/\/www.lumis.it\/wp-content\/uploads\/2021\/01\/9832383_35_z.jpg\"><\/a><div class=\"fusion-separator fusion-full-width-sep\" style=\"align-self: center;margin-left: auto;margin-right: auto;width:100%;\"><div class=\"fusion-separator-border sep-double\" style=\"--awb-height:20px;--awb-amount:20px;--awb-sep-color:#ffffff;border-color:#ffffff;border-top-width:10px;border-bottom-width:10px;\"><\/div><\/div><\/div><\/div><div class=\"fusion-layout-column fusion_builder_column fusion-builder-column-7 fusion_builder_column_1_4 1_4 fusion-flex-column\" style=\"--awb-bg-size:cover;--awb-width-large:25%;--awb-margin-top-large:0px;--awb-spacing-right-large:3.84%;--awb-margin-bottom-large:0px;--awb-spacing-left-large:3.84%;--awb-width-medium:25%;--awb-spacing-right-medium:3.84%;--awb-spacing-left-medium:3.84%;--awb-width-small:100%;--awb-spacing-right-small:1.92%;--awb-spacing-left-small:1.92%;\"><div class=\"fusion-column-wrapper fusion-column-has-shadow fusion-flex-justify-content-flex-start fusion-content-layout-column\"><a class=\"awb-lightbox awb-lightbox-3\" href=\"https:\/\/www.lumis.it\/wp-content\/uploads\/2020\/09\/9832383_32_z-300x200.jpg\" data-rel=\"iLightbox\"><img decoding=\"async\" src=\"https:\/\/www.lumis.it\/wp-content\/uploads\/2021\/01\/9832383_32_z.jpg\"><\/a><\/div><\/div><div class=\"fusion-layout-column fusion_builder_column fusion-builder-column-8 fusion_builder_column_1_4 1_4 fusion-flex-column\" style=\"--awb-bg-size:cover;--awb-width-large:25%;--awb-margin-top-large:0px;--awb-spacing-right-large:7.68%;--awb-margin-bottom-large:0px;--awb-spacing-left-large:3.84%;--awb-width-medium:25%;--awb-spacing-right-medium:7.68%;--awb-spacing-left-medium:3.84%;--awb-width-small:100%;--awb-spacing-right-small:1.92%;--awb-spacing-left-small:1.92%;\"><div class=\"fusion-column-wrapper fusion-column-has-shadow fusion-flex-justify-content-flex-start fusion-content-layout-column\"><a class=\"awb-lightbox awb-lightbox-4\" href=\"https:\/\/www.lumis.it\/wp-content\/uploads\/2021\/01\/AifP4PFzNiHT0p_Jy7A1OubiGOnbTVjqeNrUDCnwqUdD2-225x300.jpg\" data-rel=\"iLightbox\"><img decoding=\"async\" src=\"https:\/\/www.lumis.it\/wp-content\/uploads\/2021\/01\/AifP4PFzNiHT0p_Jy7A1OubiGOnbTVjqeNrUDCnwqUdD.jpg\"><\/a><\/div><\/div><div class=\"fusion-layout-column fusion_builder_column fusion-builder-column-9 fusion_builder_column_1_1 1_1 fusion-flex-column\" style=\"--awb-padding-right:10%;--awb-padding-left:10%;--awb-bg-size:cover;--awb-width-large:100%;--awb-margin-top-large:0px;--awb-spacing-right-large:1.92%;--awb-margin-bottom-large:0px;--awb-spacing-left-large:1.92%;--awb-width-medium:100%;--awb-spacing-right-medium:1.92%;--awb-spacing-left-medium:1.92%;--awb-width-small:100%;--awb-spacing-right-small:1.92%;--awb-spacing-left-small:1.92%;\"><div class=\"fusion-column-wrapper fusion-column-has-shadow fusion-flex-justify-content-flex-start fusion-content-layout-column\"><div class=\"fusion-text fusion-text-3\"><p>LUMIS infatti gi\u00e0 da tempo collabora con Versace nella realizzazione di lampade per il loro catalogo Home Collection e questo nuovo progetto ci ha visto impegnati nel realizzare i disegni dei loro progettisti.<\/p>\n<p>A breve finalmente tutti potranno vedere gli interni del nuovo Palazzo Versace che gi\u00e0 fanno parlare di s\u00e9.<\/p>\n<p>LUMIS \u00e8 orgogliosa di averne fatto parte.<\/p>\n<\/div><\/div><\/div><div class=\"fusion-layout-column fusion_builder_column fusion-builder-column-10 fusion_builder_column_1_3 1_3 fusion-flex-column shadow\" style=\"--awb-bg-size:cover;--awb-width-large:33.333333333333%;--awb-margin-top-large:0px;--awb-spacing-right-large:2.88%;--awb-margin-bottom-large:20px;--awb-spacing-left-large:5.76%;--awb-width-medium:33.333333333333%;--awb-spacing-right-medium:2.88%;--awb-spacing-left-medium:5.76%;--awb-width-small:100%;--awb-spacing-right-small:1.92%;--awb-spacing-left-small:1.92%;\"><div class=\"fusion-column-wrapper fusion-column-has-shadow fusion-flex-justify-content-flex-start fusion-content-layout-column\"><a class=\"awb-lightbox awb-lightbox-5\" href=\"https:\/\/www.lumis.it\/wp-content\/uploads\/2021\/01\/9832383_21_z-300x181.jpg\" data-rel=\"iLightbox\"><img decoding=\"async\" src=\"https:\/\/www.lumis.it\/wp-content\/uploads\/2021\/01\/9832383_21_z.jpg\"><\/a><\/div><\/div><div class=\"fusion-layout-column fusion_builder_column fusion-builder-column-11 fusion_builder_column_1_3 1_3 fusion-flex-column shadow\" style=\"--awb-bg-size:cover;--awb-width-large:33.333333333333%;--awb-margin-top-large:0px;--awb-spacing-right-large:2.88%;--awb-margin-bottom-large:20px;--awb-spacing-left-large:2.88%;--awb-width-medium:33.333333333333%;--awb-spacing-right-medium:2.88%;--awb-spacing-left-medium:2.88%;--awb-width-small:100%;--awb-spacing-right-small:1.92%;--awb-spacing-left-small:1.92%;\"><div class=\"fusion-column-wrapper fusion-column-has-shadow fusion-flex-justify-content-flex-start fusion-content-layout-column\"><a class=\"awb-lightbox awb-lightbox-6\" href=\"https:\/\/www.lumis.it\/wp-content\/uploads\/2021\/01\/itemImage_41-300x181.jpg\" data-rel=\"iLightbox\"><img decoding=\"async\" src=\"https:\/\/www.lumis.it\/wp-content\/uploads\/2021\/01\/itemImage_41.jpg\"><\/a><\/div><\/div><div class=\"fusion-layout-column fusion_builder_column fusion-builder-column-12 fusion_builder_column_1_3 1_3 fusion-flex-column shadow\" style=\"--awb-bg-size:cover;--awb-width-large:33.333333333333%;--awb-margin-top-large:0px;--awb-spacing-right-large:5.76%;--awb-margin-bottom-large:20px;--awb-spacing-left-large:2.88%;--awb-width-medium:33.333333333333%;--awb-spacing-right-medium:5.76%;--awb-spacing-left-medium:2.88%;--awb-width-small:100%;--awb-spacing-right-small:1.92%;--awb-spacing-left-small:1.92%;\"><div class=\"fusion-column-wrapper fusion-column-has-shadow fusion-flex-justify-content-flex-start fusion-content-layout-column\"><a class=\"awb-lightbox awb-lightbox-7\" href=\"https:\/\/www.lumis.it\/wp-content\/uploads\/2020\/09\/itemImage_61-300x183.jpg\" data-rel=\"iLightbox\"><img decoding=\"async\" src=\"https:\/\/www.lumis.it\/wp-content\/uploads\/2021\/01\/PalazzoVersace.jpg\"><\/a><\/div><\/div><div class=\"fusion-layout-column fusion_builder_column fusion-builder-column-13 fusion_builder_column_1_3 1_3 fusion-flex-column\" style=\"--awb-bg-size:cover;--awb-width-large:33.333333333333%;--awb-margin-top-large:0px;--awb-spacing-right-large:3.8399999999999%;--awb-margin-bottom-large:20px;--awb-spacing-left-large:5.76%;--awb-width-medium:33.333333333333%;--awb-spacing-right-medium:3.8399999999999%;--awb-spacing-left-medium:5.76%;--awb-width-small:100%;--awb-spacing-right-small:1.92%;--awb-spacing-left-small:1.92%;\"><div class=\"fusion-column-wrapper fusion-column-has-shadow fusion-flex-justify-content-flex-start fusion-content-layout-column\"><div class=\"fusion-text fusion-text-4\"><\/div><\/div><\/div><\/div><\/div>\n","protected":false},"excerpt":{"rendered":"","protected":false},"author":1,"featured_media":0,"parent":0,"menu_order":6,"comment_status":"closed","ping_status":"closed","template":"100-width.php","meta":{"_acf_changed":false,"footnotes":""},"class_list":["post-19593","page","type-page","status-publish","hentry"],"acf":[],"yoast_head":"<!-- This site is optimized with the Yoast SEO plugin v26.8 - https:\/\/yoast.com\/product\/yoast-seo-wordpress\/ -->\n<title>PALAZZO VERSACE MACAO - LUMIS<\/title>\n<meta name=\"robots\" content=\"index, follow, max-snippet:-1, max-image-preview:large, max-video-preview:-1\" \/>\n<link rel=\"canonical\" href=\"https:\/\/www.lumis.it\/it\/palazzo-versace-macao\/\" \/>\n<meta property=\"og:locale\" content=\"it_IT\" \/>\n<meta property=\"og:type\" content=\"article\" \/>\n<meta property=\"og:title\" content=\"PALAZZO VERSACE MACAO - LUMIS\" \/>\n<meta property=\"og:url\" content=\"https:\/\/www.lumis.it\/it\/palazzo-versace-macao\/\" \/>\n<meta property=\"og:site_name\" content=\"LUMIS\" \/>\n<meta property=\"article:publisher\" content=\"https:\/\/www.facebook.com\/Lumis-143963789005293\" \/>\n<meta property=\"article:modified_time\" content=\"2021-06-16T11:23:49+00:00\" \/>\n<meta property=\"og:image\" content=\"https:\/\/www.lumis.it\/wp-content\/uploads\/2021\/01\/9832383_47_z.jpg\" \/>\n<meta name=\"twitter:card\" content=\"summary_large_image\" \/>\n<meta name=\"twitter:label1\" content=\"Tempo di lettura stimato\" \/>\n\t<meta name=\"twitter:data1\" content=\"16 minuti\" \/>\n<script type=\"application\/ld+json\" class=\"yoast-schema-graph\">{\"@context\":\"https:\/\/schema.org\",\"@graph\":[{\"@type\":\"WebPage\",\"@id\":\"https:\/\/www.lumis.it\/it\/palazzo-versace-macao\/\",\"url\":\"https:\/\/www.lumis.it\/it\/palazzo-versace-macao\/\",\"name\":\"PALAZZO VERSACE MACAO - LUMIS\",\"isPartOf\":{\"@id\":\"https:\/\/www.lumis.it\/it\/#website\"},\"primaryImageOfPage\":{\"@id\":\"https:\/\/www.lumis.it\/it\/palazzo-versace-macao\/#primaryimage\"},\"image\":{\"@id\":\"https:\/\/www.lumis.it\/it\/palazzo-versace-macao\/#primaryimage\"},\"thumbnailUrl\":\"https:\/\/www.lumis.it\/wp-content\/uploads\/2021\/01\/9832383_47_z.jpg\",\"datePublished\":\"2020-11-02T10:11:05+00:00\",\"dateModified\":\"2021-06-16T11:23:49+00:00\",\"breadcrumb\":{\"@id\":\"https:\/\/www.lumis.it\/it\/palazzo-versace-macao\/#breadcrumb\"},\"inLanguage\":\"it-IT\",\"potentialAction\":[{\"@type\":\"ReadAction\",\"target\":[\"https:\/\/www.lumis.it\/it\/palazzo-versace-macao\/\"]}]},{\"@type\":\"ImageObject\",\"inLanguage\":\"it-IT\",\"@id\":\"https:\/\/www.lumis.it\/it\/palazzo-versace-macao\/#primaryimage\",\"url\":\"https:\/\/www.lumis.it\/wp-content\/uploads\/2021\/01\/9832383_47_z.jpg\",\"contentUrl\":\"https:\/\/www.lumis.it\/wp-content\/uploads\/2021\/01\/9832383_47_z.jpg\"},{\"@type\":\"BreadcrumbList\",\"@id\":\"https:\/\/www.lumis.it\/it\/palazzo-versace-macao\/#breadcrumb\",\"itemListElement\":[{\"@type\":\"ListItem\",\"position\":1,\"name\":\"Home\",\"item\":\"https:\/\/www.lumis.it\/it\/\"},{\"@type\":\"ListItem\",\"position\":2,\"name\":\"PALAZZO VERSACE MACAO\"}]},{\"@type\":\"WebSite\",\"@id\":\"https:\/\/www.lumis.it\/it\/#website\",\"url\":\"https:\/\/www.lumis.it\/it\/\",\"name\":\"LUMIS\",\"description\":\"Hotel and contract lighting\",\"potentialAction\":[{\"@type\":\"SearchAction\",\"target\":{\"@type\":\"EntryPoint\",\"urlTemplate\":\"https:\/\/www.lumis.it\/it\/?s={search_term_string}\"},\"query-input\":{\"@type\":\"PropertyValueSpecification\",\"valueRequired\":true,\"valueName\":\"search_term_string\"}}],\"inLanguage\":\"it-IT\"}]}<\/script>\n<!-- \/ Yoast SEO plugin. -->","yoast_head_json":{"title":"PALAZZO VERSACE MACAO - LUMIS","robots":{"index":"index","follow":"follow","max-snippet":"max-snippet:-1","max-image-preview":"max-image-preview:large","max-video-preview":"max-video-preview:-1"},"canonical":"https:\/\/www.lumis.it\/it\/palazzo-versace-macao\/","og_locale":"it_IT","og_type":"article","og_title":"PALAZZO VERSACE MACAO - LUMIS","og_url":"https:\/\/www.lumis.it\/it\/palazzo-versace-macao\/","og_site_name":"LUMIS","article_publisher":"https:\/\/www.facebook.com\/Lumis-143963789005293","article_modified_time":"2021-06-16T11:23:49+00:00","og_image":[{"url":"https:\/\/www.lumis.it\/wp-content\/uploads\/2021\/01\/9832383_47_z.jpg","type":"","width":"","height":""}],"twitter_card":"summary_large_image","twitter_misc":{"Tempo di lettura stimato":"16 minuti"},"schema":{"@context":"https:\/\/schema.org","@graph":[{"@type":"WebPage","@id":"https:\/\/www.lumis.it\/it\/palazzo-versace-macao\/","url":"https:\/\/www.lumis.it\/it\/palazzo-versace-macao\/","name":"PALAZZO VERSACE MACAO - LUMIS","isPartOf":{"@id":"https:\/\/www.lumis.it\/it\/#website"},"primaryImageOfPage":{"@id":"https:\/\/www.lumis.it\/it\/palazzo-versace-macao\/#primaryimage"},"image":{"@id":"https:\/\/www.lumis.it\/it\/palazzo-versace-macao\/#primaryimage"},"thumbnailUrl":"https:\/\/www.lumis.it\/wp-content\/uploads\/2021\/01\/9832383_47_z.jpg","datePublished":"2020-11-02T10:11:05+00:00","dateModified":"2021-06-16T11:23:49+00:00","breadcrumb":{"@id":"https:\/\/www.lumis.it\/it\/palazzo-versace-macao\/#breadcrumb"},"inLanguage":"it-IT","potentialAction":[{"@type":"ReadAction","target":["https:\/\/www.lumis.it\/it\/palazzo-versace-macao\/"]}]},{"@type":"ImageObject","inLanguage":"it-IT","@id":"https:\/\/www.lumis.it\/it\/palazzo-versace-macao\/#primaryimage","url":"https:\/\/www.lumis.it\/wp-content\/uploads\/2021\/01\/9832383_47_z.jpg","contentUrl":"https:\/\/www.lumis.it\/wp-content\/uploads\/2021\/01\/9832383_47_z.jpg"},{"@type":"BreadcrumbList","@id":"https:\/\/www.lumis.it\/it\/palazzo-versace-macao\/#breadcrumb","itemListElement":[{"@type":"ListItem","position":1,"name":"Home","item":"https:\/\/www.lumis.it\/it\/"},{"@type":"ListItem","position":2,"name":"PALAZZO VERSACE MACAO"}]},{"@type":"WebSite","@id":"https:\/\/www.lumis.it\/it\/#website","url":"https:\/\/www.lumis.it\/it\/","name":"LUMIS","description":"Hotel and contract lighting","potentialAction":[{"@type":"SearchAction","target":{"@type":"EntryPoint","urlTemplate":"https:\/\/www.lumis.it\/it\/?s={search_term_string}"},"query-input":{"@type":"PropertyValueSpecification","valueRequired":true,"valueName":"search_term_string"}}],"inLanguage":"it-IT"}]}},"_links":{"self":[{"href":"https:\/\/www.lumis.it\/it\/wp-json\/wp\/v2\/pages\/19593","targetHints":{"allow":["GET"]}}],"collection":[{"href":"https:\/\/www.lumis.it\/it\/wp-json\/wp\/v2\/pages"}],"about":[{"href":"https:\/\/www.lumis.it\/it\/wp-json\/wp\/v2\/types\/page"}],"author":[{"embeddable":true,"href":"https:\/\/www.lumis.it\/it\/wp-json\/wp\/v2\/users\/1"}],"replies":[{"embeddable":true,"href":"https:\/\/www.lumis.it\/it\/wp-json\/wp\/v2\/comments?post=19593"}],"version-history":[{"count":22,"href":"https:\/\/www.lumis.it\/it\/wp-json\/wp\/v2\/pages\/19593\/revisions"}],"predecessor-version":[{"id":25689,"href":"https:\/\/www.lumis.it\/it\/wp-json\/wp\/v2\/pages\/19593\/revisions\/25689"}],"wp:attachment":[{"href":"https:\/\/www.lumis.it\/it\/wp-json\/wp\/v2\/media?parent=19593"}],"curies":[{"name":"wp","href":"https:\/\/api.w.org\/{rel}","templated":true}]}}