{"id":25668,"date":"2021-06-16T12:32:09","date_gmt":"2021-06-16T10:32:09","guid":{"rendered":"https:\/\/www.lumis.it\/?page_id=25668"},"modified":"2024-07-26T18:44:52","modified_gmt":"2024-07-26T16:44:52","slug":"palazzo-versace-macau-macau","status":"publish","type":"page","link":"https:\/\/www.lumis.it\/it\/gallery\/palazzo-versace-macau-macau\/","title":{"rendered":"PALAZZO VERSACE MACAU &#8211; Macau"},"content":{"rendered":"<div class=\"fusion-fullwidth fullwidth-box fusion-builder-row-1 fusion-flex-container hundred-percent-fullwidth non-hundred-percent-height-scrolling\" style=\"--awb-background-position:left top;--awb-border-sizes-top:0px;--awb-border-sizes-bottom:0px;--awb-border-sizes-left:0px;--awb-border-sizes-right:0px;--awb-border-radius-top-left:0px;--awb-border-radius-top-right:0px;--awb-border-radius-bottom-right:0px;--awb-border-radius-bottom-left:0px;--awb-padding-top:0px;--awb-padding-right:0px;--awb-padding-bottom:20px;--awb-padding-left:0px;--awb-flex-wrap:wrap;\" ><div class=\"fusion-builder-row fusion-row fusion-flex-align-items-stretch fusion-flex-content-wrap\" style=\"width:calc( 100% + 0px ) !important;max-width:calc( 100% + 0px ) !important;margin-left: calc(-0px \/ 2 );margin-right: calc(-0px \/ 2 );\"><div class=\"fusion-layout-column fusion_builder_column fusion-builder-column-0 fusion_builder_column_1_1 1_1 fusion-flex-column\" style=\"--awb-bg-size:cover;--awb-width-large:100%;--awb-margin-top-large:0px;--awb-spacing-right-large:0px;--awb-margin-bottom-large:0px;--awb-spacing-left-large:0px;--awb-width-medium:100%;--awb-spacing-right-medium:0px;--awb-spacing-left-medium:0px;--awb-width-small:100%;--awb-spacing-right-small:0px;--awb-spacing-left-small:0px;\"><div class=\"fusion-column-wrapper fusion-column-has-shadow fusion-flex-justify-content-center fusion-content-layout-column\"><div class=\"fusion-text fusion-text-1\"><p>Situato in una torre di 20 piani con una superficie edificata di oltre 34.000 mq, 270 camere e suite, Palazzo Versace Macau sar\u00e0 il primo hotel di lusso a Macao ad essere progettato da una maison di moda e il primo Palazzo Versace in Asia.<\/p>\n<p>Versace ha progettato gli interni e creato gli arredi di tutte le camere e aree comuni. Palazzo Versace arricchir\u00e0 Macao con una struttura speciale che ambisce a fornire una esperienza esclusiva. Per l\u2019illuminazione \u00e8 stata chiamata LUMIS, che dopo la collaborazione per Palazzo Versace di Dubai si \u00e8 cimentata in questa nuova sfida ancor pi\u00f9 impegnativa.<\/p>\n<\/div><div class=\"awb-gallery-wrapper awb-gallery-wrapper-1 button-span-no\" style=\"--more-btn-alignment:center;\"><div style=\"margin:-5px;--awb-bordersize:0px;\" class=\"fusion-gallery fusion-gallery-container fusion-grid-1 fusion-columns-total-7 fusion-gallery-layout-grid fusion-gallery-1\"><div style=\"padding:5px;\" class=\"fusion-grid-column fusion-gallery-column fusion-gallery-column-1 hover-type-none\"><div class=\"fusion-gallery-image\"><a href=\"https:\/\/www.lumis.it\/wp-content\/uploads\/2023\/03\/lagerfeld-macao.jpg\" rel=\"noreferrer\" data-rel=\"iLightbox[gallery_image_1]\" class=\"fusion-lightbox\" target=\"_self\"><img decoding=\"async\" src=\"https:\/\/www.lumis.it\/wp-content\/uploads\/2023\/03\/lagerfeld-macao-460x295.jpg\" width=\"460\" height=\"295\" alt=\"\" title=\"lagerfeld-macao\" aria-label=\"lagerfeld-macao\" class=\"img-responsive wp-image-28135 fusion-gallery-image-size-fixed\"  \/><\/a><\/div><\/div><div class=\"clearfix\"><\/div><div style=\"padding:5px;\" class=\"fusion-grid-column fusion-gallery-column fusion-gallery-column-1 hover-type-none\"><div class=\"fusion-gallery-image\"><a href=\"https:\/\/www.lumis.it\/wp-content\/uploads\/2024\/07\/1-1.jpg\" rel=\"noreferrer\" data-rel=\"iLightbox[gallery_image_1]\" class=\"fusion-lightbox\" target=\"_self\"><img decoding=\"async\" src=\"https:\/\/www.lumis.it\/wp-content\/uploads\/2024\/07\/1-1-460x295.jpg\" width=\"460\" height=\"295\" alt=\"\" title=\"1\" aria-label=\"1\" class=\"img-responsive wp-image-29242 fusion-gallery-image-size-fixed\"  \/><\/a><\/div><\/div><div class=\"clearfix\"><\/div><div style=\"padding:5px;\" class=\"fusion-grid-column fusion-gallery-column fusion-gallery-column-1 hover-type-none\"><div class=\"fusion-gallery-image\"><a href=\"https:\/\/www.lumis.it\/wp-content\/uploads\/2024\/07\/2.jpg\" rel=\"noreferrer\" data-rel=\"iLightbox[gallery_image_1]\" class=\"fusion-lightbox\" target=\"_self\"><img decoding=\"async\" src=\"https:\/\/www.lumis.it\/wp-content\/uploads\/2024\/07\/2-460x295.jpg\" width=\"460\" height=\"295\" alt=\"\" title=\"2\" aria-label=\"2\" class=\"img-responsive wp-image-29245 fusion-gallery-image-size-fixed\"  \/><\/a><\/div><\/div><div class=\"clearfix\"><\/div><div style=\"padding:5px;\" class=\"fusion-grid-column fusion-gallery-column fusion-gallery-column-1 hover-type-none\"><div class=\"fusion-gallery-image\"><a href=\"https:\/\/www.lumis.it\/wp-content\/uploads\/2024\/07\/3-1.jpg\" rel=\"noreferrer\" data-rel=\"iLightbox[gallery_image_1]\" class=\"fusion-lightbox\" target=\"_self\"><img decoding=\"async\" src=\"https:\/\/www.lumis.it\/wp-content\/uploads\/2024\/07\/3-1-460x295.jpg\" width=\"460\" height=\"295\" alt=\"\" title=\"3\" aria-label=\"3\" class=\"img-responsive wp-image-29248 fusion-gallery-image-size-fixed\"  \/><\/a><\/div><\/div><div class=\"clearfix\"><\/div><div style=\"padding:5px;\" class=\"fusion-grid-column fusion-gallery-column fusion-gallery-column-1 hover-type-none\"><div class=\"fusion-gallery-image\"><a href=\"https:\/\/www.lumis.it\/wp-content\/uploads\/2024\/07\/4-1.jpg\" rel=\"noreferrer\" data-rel=\"iLightbox[gallery_image_1]\" class=\"fusion-lightbox\" target=\"_self\"><img decoding=\"async\" src=\"https:\/\/www.lumis.it\/wp-content\/uploads\/2024\/07\/4-1-460x295.jpg\" width=\"460\" height=\"295\" alt=\"\" title=\"4\" aria-label=\"4\" class=\"img-responsive wp-image-29251 fusion-gallery-image-size-fixed\"  \/><\/a><\/div><\/div><div class=\"clearfix\"><\/div><div style=\"padding:5px;\" class=\"fusion-grid-column fusion-gallery-column fusion-gallery-column-1 hover-type-none\"><div class=\"fusion-gallery-image\"><a href=\"https:\/\/www.lumis.it\/wp-content\/uploads\/2024\/07\/pvm-grand-suite-thmb-rev.jpg\" rel=\"noreferrer\" data-rel=\"iLightbox[gallery_image_1]\" class=\"fusion-lightbox\" target=\"_self\"><img decoding=\"async\" src=\"https:\/\/www.lumis.it\/wp-content\/uploads\/2024\/07\/pvm-grand-suite-thmb-rev-460x295.jpg\" width=\"460\" height=\"295\" alt=\"\" title=\"pvm-grand-suite-thmb-rev\" aria-label=\"pvm-grand-suite-thmb-rev\" class=\"img-responsive wp-image-29254 fusion-gallery-image-size-fixed\"  \/><\/a><\/div><\/div><div class=\"clearfix\"><\/div><div style=\"padding:5px;\" class=\"fusion-grid-column fusion-gallery-column fusion-gallery-column-1 hover-type-none\"><div class=\"fusion-gallery-image\"><a href=\"https:\/\/www.lumis.it\/wp-content\/uploads\/2024\/07\/pvm-imperial-suite-thmb.jpg\" rel=\"noreferrer\" data-rel=\"iLightbox[gallery_image_1]\" class=\"fusion-lightbox\" target=\"_self\"><img decoding=\"async\" src=\"https:\/\/www.lumis.it\/wp-content\/uploads\/2024\/07\/pvm-imperial-suite-thmb-460x295.jpg\" width=\"460\" height=\"295\" alt=\"\" title=\"pvm-imperial-suite-thmb\" aria-label=\"pvm-imperial-suite-thmb\" class=\"img-responsive wp-image-29257 fusion-gallery-image-size-fixed\"  \/><\/a><\/div><\/div><div class=\"clearfix\"><\/div><\/div><\/div><\/div><\/div><\/div><\/div>\n","protected":false},"excerpt":{"rendered":"","protected":false},"author":1,"featured_media":0,"parent":4519,"menu_order":1,"comment_status":"closed","ping_status":"closed","template":"","meta":{"_acf_changed":false,"footnotes":""},"class_list":["post-25668","page","type-page","status-publish","hentry"],"acf":[],"yoast_head":"<!-- This site is optimized with the Yoast SEO plugin v26.8 - https:\/\/yoast.com\/product\/yoast-seo-wordpress\/ -->\n<title>PALAZZO VERSACE MACAU - Macau - LUMIS<\/title>\n<meta name=\"robots\" content=\"index, follow, max-snippet:-1, max-image-preview:large, max-video-preview:-1\" \/>\n<link rel=\"canonical\" href=\"https:\/\/www.lumis.it\/it\/gallery\/palazzo-versace-macau-macau\/\" \/>\n<meta property=\"og:locale\" content=\"it_IT\" \/>\n<meta property=\"og:type\" content=\"article\" \/>\n<meta property=\"og:title\" content=\"PALAZZO VERSACE MACAU - Macau - LUMIS\" \/>\n<meta property=\"og:url\" content=\"https:\/\/www.lumis.it\/it\/gallery\/palazzo-versace-macau-macau\/\" \/>\n<meta property=\"og:site_name\" content=\"LUMIS\" \/>\n<meta property=\"article:publisher\" content=\"https:\/\/www.facebook.com\/Lumis-143963789005293\" \/>\n<meta property=\"article:modified_time\" content=\"2024-07-26T16:44:52+00:00\" \/>\n<meta property=\"og:image\" content=\"https:\/\/www.lumis.it\/wp-content\/uploads\/2020\/11\/1547-LUC-POLARE-Home-1.jpg\" \/>\n\t<meta property=\"og:image:width\" content=\"1200\" \/>\n\t<meta property=\"og:image:height\" content=\"750\" \/>\n\t<meta property=\"og:image:type\" content=\"image\/jpeg\" \/>\n<meta name=\"twitter:card\" content=\"summary_large_image\" \/>\n<meta name=\"twitter:label1\" content=\"Tempo di lettura stimato\" \/>\n\t<meta name=\"twitter:data1\" content=\"4 minuti\" \/>\n<script type=\"application\/ld+json\" class=\"yoast-schema-graph\">{\"@context\":\"https:\/\/schema.org\",\"@graph\":[{\"@type\":\"WebPage\",\"@id\":\"https:\/\/www.lumis.it\/it\/gallery\/palazzo-versace-macau-macau\/\",\"url\":\"https:\/\/www.lumis.it\/it\/gallery\/palazzo-versace-macau-macau\/\",\"name\":\"PALAZZO VERSACE MACAU - Macau - LUMIS\",\"isPartOf\":{\"@id\":\"https:\/\/www.lumis.it\/it\/#website\"},\"datePublished\":\"2021-06-16T10:32:09+00:00\",\"dateModified\":\"2024-07-26T16:44:52+00:00\",\"breadcrumb\":{\"@id\":\"https:\/\/www.lumis.it\/it\/gallery\/palazzo-versace-macau-macau\/#breadcrumb\"},\"inLanguage\":\"it-IT\",\"potentialAction\":[{\"@type\":\"ReadAction\",\"target\":[\"https:\/\/www.lumis.it\/it\/gallery\/palazzo-versace-macau-macau\/\"]}]},{\"@type\":\"BreadcrumbList\",\"@id\":\"https:\/\/www.lumis.it\/it\/gallery\/palazzo-versace-macau-macau\/#breadcrumb\",\"itemListElement\":[{\"@type\":\"ListItem\",\"position\":1,\"name\":\"Home\",\"item\":\"https:\/\/www.lumis.it\/it\/\"},{\"@type\":\"ListItem\",\"position\":2,\"name\":\"Gallery\",\"item\":\"https:\/\/www.lumis.it\/it\/gallery\/\"},{\"@type\":\"ListItem\",\"position\":3,\"name\":\"PALAZZO VERSACE MACAU &#8211; Macau\"}]},{\"@type\":\"WebSite\",\"@id\":\"https:\/\/www.lumis.it\/it\/#website\",\"url\":\"https:\/\/www.lumis.it\/it\/\",\"name\":\"LUMIS\",\"description\":\"Hotel and contract lighting\",\"potentialAction\":[{\"@type\":\"SearchAction\",\"target\":{\"@type\":\"EntryPoint\",\"urlTemplate\":\"https:\/\/www.lumis.it\/it\/?s={search_term_string}\"},\"query-input\":{\"@type\":\"PropertyValueSpecification\",\"valueRequired\":true,\"valueName\":\"search_term_string\"}}],\"inLanguage\":\"it-IT\"}]}<\/script>\n<!-- \/ Yoast SEO plugin. -->","yoast_head_json":{"title":"PALAZZO VERSACE MACAU - Macau - LUMIS","robots":{"index":"index","follow":"follow","max-snippet":"max-snippet:-1","max-image-preview":"max-image-preview:large","max-video-preview":"max-video-preview:-1"},"canonical":"https:\/\/www.lumis.it\/it\/gallery\/palazzo-versace-macau-macau\/","og_locale":"it_IT","og_type":"article","og_title":"PALAZZO VERSACE MACAU - Macau - LUMIS","og_url":"https:\/\/www.lumis.it\/it\/gallery\/palazzo-versace-macau-macau\/","og_site_name":"LUMIS","article_publisher":"https:\/\/www.facebook.com\/Lumis-143963789005293","article_modified_time":"2024-07-26T16:44:52+00:00","og_image":[{"width":1200,"height":750,"url":"https:\/\/www.lumis.it\/wp-content\/uploads\/2020\/11\/1547-LUC-POLARE-Home-1.jpg","type":"image\/jpeg"}],"twitter_card":"summary_large_image","twitter_misc":{"Tempo di lettura stimato":"4 minuti"},"schema":{"@context":"https:\/\/schema.org","@graph":[{"@type":"WebPage","@id":"https:\/\/www.lumis.it\/it\/gallery\/palazzo-versace-macau-macau\/","url":"https:\/\/www.lumis.it\/it\/gallery\/palazzo-versace-macau-macau\/","name":"PALAZZO VERSACE MACAU - Macau - LUMIS","isPartOf":{"@id":"https:\/\/www.lumis.it\/it\/#website"},"datePublished":"2021-06-16T10:32:09+00:00","dateModified":"2024-07-26T16:44:52+00:00","breadcrumb":{"@id":"https:\/\/www.lumis.it\/it\/gallery\/palazzo-versace-macau-macau\/#breadcrumb"},"inLanguage":"it-IT","potentialAction":[{"@type":"ReadAction","target":["https:\/\/www.lumis.it\/it\/gallery\/palazzo-versace-macau-macau\/"]}]},{"@type":"BreadcrumbList","@id":"https:\/\/www.lumis.it\/it\/gallery\/palazzo-versace-macau-macau\/#breadcrumb","itemListElement":[{"@type":"ListItem","position":1,"name":"Home","item":"https:\/\/www.lumis.it\/it\/"},{"@type":"ListItem","position":2,"name":"Gallery","item":"https:\/\/www.lumis.it\/it\/gallery\/"},{"@type":"ListItem","position":3,"name":"PALAZZO VERSACE MACAU &#8211; Macau"}]},{"@type":"WebSite","@id":"https:\/\/www.lumis.it\/it\/#website","url":"https:\/\/www.lumis.it\/it\/","name":"LUMIS","description":"Hotel and contract lighting","potentialAction":[{"@type":"SearchAction","target":{"@type":"EntryPoint","urlTemplate":"https:\/\/www.lumis.it\/it\/?s={search_term_string}"},"query-input":{"@type":"PropertyValueSpecification","valueRequired":true,"valueName":"search_term_string"}}],"inLanguage":"it-IT"}]}},"_links":{"self":[{"href":"https:\/\/www.lumis.it\/it\/wp-json\/wp\/v2\/pages\/25668","targetHints":{"allow":["GET"]}}],"collection":[{"href":"https:\/\/www.lumis.it\/it\/wp-json\/wp\/v2\/pages"}],"about":[{"href":"https:\/\/www.lumis.it\/it\/wp-json\/wp\/v2\/types\/page"}],"author":[{"embeddable":true,"href":"https:\/\/www.lumis.it\/it\/wp-json\/wp\/v2\/users\/1"}],"replies":[{"embeddable":true,"href":"https:\/\/www.lumis.it\/it\/wp-json\/wp\/v2\/comments?post=25668"}],"version-history":[{"count":16,"href":"https:\/\/www.lumis.it\/it\/wp-json\/wp\/v2\/pages\/25668\/revisions"}],"predecessor-version":[{"id":29264,"href":"https:\/\/www.lumis.it\/it\/wp-json\/wp\/v2\/pages\/25668\/revisions\/29264"}],"up":[{"embeddable":true,"href":"https:\/\/www.lumis.it\/it\/wp-json\/wp\/v2\/pages\/4519"}],"wp:attachment":[{"href":"https:\/\/www.lumis.it\/it\/wp-json\/wp\/v2\/media?parent=25668"}],"curies":[{"name":"wp","href":"https:\/\/api.w.org\/{rel}","templated":true}]}}