{"id":28430,"date":"2023-06-13T16:40:10","date_gmt":"2023-06-13T14:40:10","guid":{"rendered":"https:\/\/www.lumis.it\/?page_id=28430"},"modified":"2023-06-13T16:41:02","modified_gmt":"2023-06-13T14:41:02","slug":"speciale-bagno","status":"publish","type":"page","link":"https:\/\/www.lumis.it\/it\/speciale-bagno\/","title":{"rendered":"SPECIALE BAGNO"},"content":{"rendered":"<p><div class=\"fusion-fullwidth fullwidth-box fusion-builder-row-1 fusion-flex-container nonhundred-percent-fullwidth non-hundred-percent-height-scrolling\" style=\"--awb-border-radius-top-left:0px;--awb-border-radius-top-right:0px;--awb-border-radius-bottom-right:0px;--awb-border-radius-bottom-left:0px;--awb-padding-top:0px;--awb-padding-right:0%;--awb-padding-bottom:0px;--awb-padding-left:0%;--awb-margin-top:50px;--awb-flex-wrap:wrap;\" ><div class=\"fusion-builder-row fusion-row fusion-flex-align-items-flex-start fusion-flex-content-wrap\" style=\"max-width:calc( 1200px + 0px );margin-left: calc(-0px \/ 2 );margin-right: calc(-0px \/ 2 );\"><div class=\"fusion-layout-column fusion_builder_column fusion-builder-column-0 fusion_builder_column_1_1 1_1 fusion-flex-column\" style=\"--awb-padding-top:0%;--awb-padding-right:10%;--awb-padding-bottom:25px;--awb-padding-left:10%;--awb-bg-size:cover;--awb-width-large:100%;--awb-margin-top-large:0px;--awb-spacing-right-large:0px;--awb-margin-bottom-large:0px;--awb-spacing-left-large:0px;--awb-width-medium:100%;--awb-spacing-right-medium:0px;--awb-spacing-left-medium:0px;--awb-width-small:100%;--awb-spacing-right-small:0px;--awb-spacing-left-small:0px;\"><div class=\"fusion-column-wrapper fusion-column-has-shadow fusion-flex-justify-content-flex-start fusion-content-layout-column\"><div class=\"fusion-separator fusion-full-width-sep\" style=\"align-self: center;margin-left: auto;margin-right: auto;width:100%;\"><div class=\"fusion-separator-border sep-double\" style=\"--awb-height:20px;--awb-amount:20px;--awb-sep-color:#ffffff;border-color:#ffffff;border-top-width:4px;border-bottom-width:4px;\"><\/div><\/div><div class=\"fusion-text fusion-text-1\"><h2 style=\"text-align: left;\">LUMIS SPECIALE BAGNO<\/h2>\n<h5 style=\"text-align: left;\">Se \u00e8 vero che il bagno \u00e8 il luogo pi\u00f9 intimo della nostra casa \u00e8 anche vero che sia il pi\u00f9 rilassante, quello\u00a0dove, prendendosi il giusto tempo, si pu\u00f2 ritrovare s\u00e9 stessi e il proprio spazio. Dovr\u00e0 quindi essere\u00a0necessariamente un luogo di relax sia per gli arredi che per la luce che ne diventa l\u2019amplificatore.<\/h5>\n<h5 style=\"text-align: left;\">Entrare in un bagno ben illuminato permette di valorizzare molteplici aspetti: la pulizia, l\u2019ordine, il comfort\u00a0di ogni sua parte, il senso di appagamento. Se questo vale per il bagno di casa, ancor pi\u00f9 varr\u00e0 per il bagno dell\u2019hotel, dove il senso di comfort, ma\u00a0anche di protezione e relax deve essere pi\u00f9 marcato e rassicurante.<\/h5>\n<\/div><div class=\"fusion-image-element \" style=\"--awb-caption-title-font-family:var(--h2_typography-font-family);--awb-caption-title-font-weight:var(--h2_typography-font-weight);--awb-caption-title-font-style:var(--h2_typography-font-style);--awb-caption-title-size:var(--h2_typography-font-size);--awb-caption-title-transform:var(--h2_typography-text-transform);--awb-caption-title-line-height:var(--h2_typography-line-height);--awb-caption-title-letter-spacing:var(--h2_typography-letter-spacing);\"><span class=\" fusion-imageframe imageframe-none imageframe-1 hover-type-none\"><img decoding=\"async\" width=\"1000\" height=\"626\" title=\"grandamore_photogallery_0028 2\" src=\"https:\/\/www.lumis.it\/wp-content\/uploads\/2023\/06\/grandamore_photogallery_0028-2.jpg\" alt class=\"img-responsive wp-image-28461\" srcset=\"https:\/\/www.lumis.it\/wp-content\/uploads\/2023\/06\/grandamore_photogallery_0028-2-200x125.jpg 200w, https:\/\/www.lumis.it\/wp-content\/uploads\/2023\/06\/grandamore_photogallery_0028-2-400x250.jpg 400w, https:\/\/www.lumis.it\/wp-content\/uploads\/2023\/06\/grandamore_photogallery_0028-2-600x376.jpg 600w, https:\/\/www.lumis.it\/wp-content\/uploads\/2023\/06\/grandamore_photogallery_0028-2-800x501.jpg 800w, https:\/\/www.lumis.it\/wp-content\/uploads\/2023\/06\/grandamore_photogallery_0028-2.jpg 1000w\" sizes=\"(max-width: 640px) 100vw, 1000px\" \/><\/span><\/div><div class=\"fusion-text fusion-text-2\"><p style=\"text-align: center;\"><span style=\"font-size: small;\"><span style=\"font-family: Calibri;\">Grand Amore Hotel and spa &#8211; Firenze<\/span><\/span><\/p>\n<\/div><\/div><\/div><\/div><\/div><div class=\"fusion-fullwidth fullwidth-box fusion-builder-row-2 fusion-flex-container nonhundred-percent-fullwidth non-hundred-percent-height-scrolling\" style=\"--awb-border-radius-top-left:0px;--awb-border-radius-top-right:0px;--awb-border-radius-bottom-right:0px;--awb-border-radius-bottom-left:0px;--awb-padding-top:0px;--awb-padding-right:0%;--awb-padding-bottom:0px;--awb-padding-left:0%;--awb-margin-top:0px;--awb-margin-bottom:50px;--awb-flex-wrap:wrap;\" ><div class=\"fusion-builder-row fusion-row fusion-flex-align-items-flex-start fusion-flex-content-wrap\" style=\"max-width:1248px;margin-left: calc(-4% \/ 2 );margin-right: calc(-4% \/ 2 );\"><div class=\"fusion-layout-column fusion_builder_column fusion-builder-column-1 fusion_builder_column_1_2 1_2 fusion-flex-column\" style=\"--awb-padding-top:25px;--awb-padding-right:0%;--awb-padding-left:20%;--awb-bg-size:cover;--awb-width-large:50%;--awb-margin-top-large:0px;--awb-spacing-right-large:0%;--awb-margin-bottom-large:0px;--awb-spacing-left-large:3.84%;--awb-width-medium:50%;--awb-spacing-right-medium:0%;--awb-spacing-left-medium:3.84%;--awb-width-small:100%;--awb-spacing-right-small:1.92%;--awb-spacing-left-small:1.92%;\"><div class=\"fusion-column-wrapper fusion-column-has-shadow fusion-flex-justify-content-flex-start fusion-content-layout-column\"><div class=\"fusion-image-element \" style=\"text-align:center;--awb-caption-title-font-family:var(--h2_typography-font-family);--awb-caption-title-font-weight:var(--h2_typography-font-weight);--awb-caption-title-font-style:var(--h2_typography-font-style);--awb-caption-title-size:var(--h2_typography-font-size);--awb-caption-title-transform:var(--h2_typography-text-transform);--awb-caption-title-line-height:var(--h2_typography-line-height);--awb-caption-title-letter-spacing:var(--h2_typography-letter-spacing);\"><span class=\" fusion-imageframe imageframe-none imageframe-2 hover-type-none\"><img decoding=\"async\" width=\"1543\" height=\"2168\" title=\"Q42 LIONETTI &#8211; 021\" src=\"https:\/\/www.lumis.it\/wp-content\/uploads\/2023\/06\/Q42-LIONETTI-021-1.jpg\" alt class=\"img-responsive wp-image-28464\" srcset=\"https:\/\/www.lumis.it\/wp-content\/uploads\/2023\/06\/Q42-LIONETTI-021-1-200x281.jpg 200w, https:\/\/www.lumis.it\/wp-content\/uploads\/2023\/06\/Q42-LIONETTI-021-1-400x562.jpg 400w, https:\/\/www.lumis.it\/wp-content\/uploads\/2023\/06\/Q42-LIONETTI-021-1-600x843.jpg 600w, https:\/\/www.lumis.it\/wp-content\/uploads\/2023\/06\/Q42-LIONETTI-021-1-800x1124.jpg 800w, https:\/\/www.lumis.it\/wp-content\/uploads\/2023\/06\/Q42-LIONETTI-021-1-1200x1686.jpg 1200w, https:\/\/www.lumis.it\/wp-content\/uploads\/2023\/06\/Q42-LIONETTI-021-1.jpg 1543w\" sizes=\"(max-width: 640px) 100vw, 600px\" \/><\/span><\/div><div class=\"fusion-text fusion-text-3\"><p style=\"text-align: center;\"><span style=\"font-size: small;\"><span style=\"font-family: Calibri;\">Residenza privata, progetto arch. Lionetti<\/span><\/span><\/p>\n<\/div><\/div><\/div><div class=\"fusion-layout-column fusion_builder_column fusion-builder-column-2 fusion_builder_column_1_2 1_2 fusion-flex-column\" style=\"--awb-padding-top:0%;--awb-padding-right:20%;--awb-padding-left:5%;--awb-bg-size:cover;--awb-width-large:50%;--awb-margin-top-large:0px;--awb-spacing-right-large:3.84%;--awb-margin-bottom-large:0px;--awb-spacing-left-large:0%;--awb-width-medium:50%;--awb-spacing-right-medium:3.84%;--awb-spacing-left-medium:0%;--awb-width-small:100%;--awb-spacing-right-small:1.92%;--awb-spacing-left-small:1.92%;\"><div class=\"fusion-column-wrapper fusion-column-has-shadow fusion-flex-justify-content-flex-start fusion-content-layout-column\"><div class=\"fusion-text fusion-text-4\"><h5>La luce del bagno deve essere quindi uno strumento che possa sottolineare questi aspetti, rispondendo ad\u00a0alcuni canoni semplici ma allo stesso tempo complessi.<\/h5>\n<ul>\n<li>\n<h5>Due diverse tipologie di illuminazione: una generale, diffusa, per dare senso allo spazio con la giusta\u00a0percezione dell\u2019ambiente e del suo arredo, un\u2019illuminazione che renda sicura la fruizione del luogo.<\/h5>\n<\/li>\n<li>\n<h5>Un altro tipo di illuminazione invece specifica per usi particolari, come quella intorno allo specchio,\u00a0dove serve un maggior impatto luminoso per svolgere al meglio certe attivit\u00e0 come il trucco, la\u00a0rasatura ecc.<\/h5>\n<\/li>\n<li>\n<h5>Dare la corretta percezione dello spazio e degli arredi, sia per cogliere correttamente l\u2019estetica\u00a0dell\u2019ambiente, aiutando cos\u00ec la percezione del relax, sia per garantire la sicurezza nei movimenti,\u00a0per non urtare o scivolare.<\/h5>\n<\/li>\n<li>\n<h5>Fare attenzione a non creare punti di disturbo come ombre o abbagliamenti che risulterebbero\u00a0ancor pi\u00f9 fastidiosi in un ambiente limitato come il bagno.<\/h5>\n<\/li>\n<\/ul>\n<\/div><\/div><\/div><div class=\"fusion-layout-column fusion_builder_column fusion-builder-column-3 fusion_builder_column_1_1 1_1 fusion-flex-column\" style=\"--awb-padding-top:0%;--awb-padding-right:10%;--awb-padding-left:10%;--awb-bg-size:cover;--awb-width-large:100%;--awb-margin-top-large:0px;--awb-spacing-right-large:1.92%;--awb-margin-bottom-large:0px;--awb-spacing-left-large:1.92%;--awb-width-medium:100%;--awb-spacing-right-medium:1.92%;--awb-spacing-left-medium:1.92%;--awb-width-small:100%;--awb-spacing-right-small:1.92%;--awb-spacing-left-small:1.92%;\"><div class=\"fusion-column-wrapper fusion-column-has-shadow fusion-flex-justify-content-flex-start fusion-content-layout-column\"><div class=\"fusion-separator fusion-full-width-sep\" style=\"align-self: center;margin-left: auto;margin-right: auto;width:100%;\"><div class=\"fusion-separator-border sep-double\" style=\"--awb-height:20px;--awb-amount:20px;--awb-sep-color:#ffffff;border-color:#ffffff;border-top-width:4px;border-bottom-width:4px;\"><\/div><\/div><div class=\"fusion-text fusion-text-5\"><h5 style=\"text-align: left;\">Lumis, l\u2019azienda leader nel settore Hospitality di alta gamma, con sede a Pistoia, da anni studia e\u00a0sviluppa apparecchi che rispondono alle specificit\u00e0 tipiche del settore: prodotti che siano di facile\u00a0gestione per gli operatori, eleganti ma sobri, di facile montaggio e manutenzione, con un\u2019attenzione\u00a0particolare ai consumi e al budget.<\/h5>\n<h5 style=\"text-align: left;\">Lumis sviluppa prodotti su indicazioni dei progettisti, in ogni tipo di materiale, personalizzando i propri\u00a0apparecchi o creandone di completamente nuovi.<\/h5>\n<\/div><div class=\"fusion-image-element \" style=\"--awb-caption-title-font-family:var(--h2_typography-font-family);--awb-caption-title-font-weight:var(--h2_typography-font-weight);--awb-caption-title-font-style:var(--h2_typography-font-style);--awb-caption-title-size:var(--h2_typography-font-size);--awb-caption-title-transform:var(--h2_typography-text-transform);--awb-caption-title-line-height:var(--h2_typography-line-height);--awb-caption-title-letter-spacing:var(--h2_typography-letter-spacing);\"><span class=\" fusion-imageframe imageframe-none imageframe-3 hover-type-none\"><img decoding=\"async\" width=\"1000\" height=\"626\" title=\"she1160gb\" src=\"https:\/\/www.lumis.it\/wp-content\/uploads\/2023\/06\/she1160gb.jpg\" alt class=\"img-responsive wp-image-28467\" srcset=\"https:\/\/www.lumis.it\/wp-content\/uploads\/2023\/06\/she1160gb-200x125.jpg 200w, https:\/\/www.lumis.it\/wp-content\/uploads\/2023\/06\/she1160gb-400x250.jpg 400w, https:\/\/www.lumis.it\/wp-content\/uploads\/2023\/06\/she1160gb-600x376.jpg 600w, https:\/\/www.lumis.it\/wp-content\/uploads\/2023\/06\/she1160gb-800x501.jpg 800w, https:\/\/www.lumis.it\/wp-content\/uploads\/2023\/06\/she1160gb.jpg 1000w\" sizes=\"(max-width: 640px) 100vw, 1000px\" \/><\/span><\/div><div class=\"fusion-text fusion-text-6\"><p style=\"text-align: center;\"><span style=\"font-size: small;\"><span style=\"font-family: Calibri;\">Sheraton Hotel Club Des Pins &#8211; Algerie<\/span><\/span><\/p>\n<\/div><\/div><\/div><div class=\"fusion-layout-column fusion_builder_column fusion-builder-column-4 fusion_builder_column_1_1 1_1 fusion-flex-column\" style=\"--awb-padding-top:0%;--awb-padding-right:10%;--awb-padding-left:10%;--awb-bg-size:cover;--awb-width-large:100%;--awb-margin-top-large:0px;--awb-spacing-right-large:1.92%;--awb-margin-bottom-large:0px;--awb-spacing-left-large:1.92%;--awb-width-medium:100%;--awb-spacing-right-medium:1.92%;--awb-spacing-left-medium:1.92%;--awb-width-small:100%;--awb-spacing-right-small:1.92%;--awb-spacing-left-small:1.92%;\"><div class=\"fusion-column-wrapper fusion-column-has-shadow fusion-flex-justify-content-flex-start fusion-content-layout-column\"><div class=\"fusion-separator fusion-full-width-sep\" style=\"align-self: center;margin-left: auto;margin-right: auto;width:100%;\"><div class=\"fusion-separator-border sep-double\" style=\"--awb-height:20px;--awb-amount:20px;--awb-sep-color:#ffffff;border-color:#ffffff;border-top-width:4px;border-bottom-width:4px;\"><\/div><\/div><div class=\"fusion-text fusion-text-7\"><h5 style=\"text-align: left;\">Tutta la produzione Lumis \u00e8 fatta direttamente in Italia, con una rete consolidata di partners, specialisti\u00a0in ogni specifico materiale, diretti e coordinati da un ufficio tecnico di grandissima esperienza. Lumis\u00a0infatti realizza apparecchi di illuminazione solo per il settore Hospitality, concentrando ogni attenzione\u00a0a questo settore.<\/h5>\n<h5 style=\"text-align: left;\">Nelle proprie realizzazioni Lumis tiene conto anche della presenza o meno della luce naturale, creando\u00a0continuit\u00e0 con essa e, nel caso in cui non sia presente, creando scenografie luminose che rendano\u00a0l\u2019ambiente piacevole e accogliente.<\/h5>\n<h5 style=\"text-align: left;\">Lampade da soffitto, da parete, da incasso nel controsoffitto, specchi dotati di retroilluminazione, un\u00a0prodotto per ogni necessit\u00e0 e per ogni esigenza del progettista.<\/h5>\n<h5 style=\"text-align: left;\">Ad ogni progetto il suo prodotto, ad ogni progettista il suo strumento, appropriato, flessibile, di qualit\u00e0.<\/h5>\n<h5 style=\"text-align: left;\">Contattate Lumis per sviluppare il vostro progetto e ottenere un prodotto unico e personalizzato.<\/h5>\n<\/div><\/div><\/div><div class=\"fusion-layout-column fusion_builder_column fusion-builder-column-5 fusion_builder_column_1_2 1_2 fusion-flex-column\" style=\"--awb-padding-left:20%;--awb-bg-size:cover;--awb-width-large:50%;--awb-margin-top-large:0px;--awb-spacing-right-large:1.92%;--awb-margin-bottom-large:20px;--awb-spacing-left-large:3.84%;--awb-width-medium:50%;--awb-spacing-right-medium:1.92%;--awb-spacing-left-medium:3.84%;--awb-width-small:100%;--awb-spacing-right-small:1.92%;--awb-spacing-left-small:1.92%;\"><div class=\"fusion-column-wrapper fusion-column-has-shadow fusion-flex-justify-content-flex-start fusion-content-layout-column\"><div class=\"fusion-image-element \" style=\"--awb-caption-title-font-family:var(--h2_typography-font-family);--awb-caption-title-font-weight:var(--h2_typography-font-weight);--awb-caption-title-font-style:var(--h2_typography-font-style);--awb-caption-title-size:var(--h2_typography-font-size);--awb-caption-title-transform:var(--h2_typography-text-transform);--awb-caption-title-line-height:var(--h2_typography-line-height);--awb-caption-title-letter-spacing:var(--h2_typography-letter-spacing);\"><span class=\" fusion-imageframe imageframe-none imageframe-4 hover-type-none\"><img decoding=\"async\" width=\"533\" height=\"711\" title=\"AT0102 KURSA\" src=\"https:\/\/www.lumis.it\/wp-content\/uploads\/2023\/06\/AT0102-KURSA-1.jpg\" alt class=\"img-responsive wp-image-28458\" srcset=\"https:\/\/www.lumis.it\/wp-content\/uploads\/2023\/06\/AT0102-KURSA-1-200x267.jpg 200w, https:\/\/www.lumis.it\/wp-content\/uploads\/2023\/06\/AT0102-KURSA-1-400x534.jpg 400w, https:\/\/www.lumis.it\/wp-content\/uploads\/2023\/06\/AT0102-KURSA-1.jpg 533w\" sizes=\"(max-width: 640px) 100vw, 533px\" \/><\/span><\/div><div class=\"fusion-text fusion-text-8\"><p style=\"text-align: center;\">Cerasa<\/p>\n<\/div><\/div><\/div><div class=\"fusion-layout-column fusion_builder_column fusion-builder-column-6 fusion_builder_column_1_2 1_2 fusion-flex-column\" style=\"--awb-padding-right:20%;--awb-bg-size:cover;--awb-width-large:50%;--awb-margin-top-large:0px;--awb-spacing-right-large:3.84%;--awb-margin-bottom-large:20px;--awb-spacing-left-large:1.92%;--awb-width-medium:50%;--awb-spacing-right-medium:3.84%;--awb-spacing-left-medium:1.92%;--awb-width-small:100%;--awb-spacing-right-small:1.92%;--awb-spacing-left-small:1.92%;\"><div class=\"fusion-column-wrapper fusion-column-has-shadow fusion-flex-justify-content-flex-start fusion-content-layout-column\"><div class=\"fusion-image-element \" style=\"--awb-caption-title-font-family:var(--h2_typography-font-family);--awb-caption-title-font-weight:var(--h2_typography-font-weight);--awb-caption-title-font-style:var(--h2_typography-font-style);--awb-caption-title-size:var(--h2_typography-font-size);--awb-caption-title-transform:var(--h2_typography-text-transform);--awb-caption-title-line-height:var(--h2_typography-line-height);--awb-caption-title-letter-spacing:var(--h2_typography-letter-spacing);\"><span class=\" fusion-imageframe imageframe-none imageframe-5 hover-type-none\"><img decoding=\"async\" width=\"533\" height=\"711\" title=\"DSC05340\" src=\"https:\/\/www.lumis.it\/wp-content\/uploads\/2023\/06\/DSC05340.jpg\" alt class=\"img-responsive wp-image-28449\" srcset=\"https:\/\/www.lumis.it\/wp-content\/uploads\/2023\/06\/DSC05340-200x267.jpg 200w, https:\/\/www.lumis.it\/wp-content\/uploads\/2023\/06\/DSC05340-400x534.jpg 400w, https:\/\/www.lumis.it\/wp-content\/uploads\/2023\/06\/DSC05340.jpg 533w\" sizes=\"(max-width: 640px) 100vw, 533px\" \/><\/span><\/div><div class=\"fusion-text fusion-text-9\"><p style=\"text-align: center;\"><span style=\"font-size: small;\"><span style=\"font-family: Calibri;\">Mod. Artemide 5000<\/span><\/span><\/p>\n<\/div><\/div><\/div><\/div><\/div><div class=\"fusion-fullwidth fullwidth-box fusion-builder-row-3 fusion-flex-container nonhundred-percent-fullwidth non-hundred-percent-height-scrolling\" style=\"--awb-border-radius-top-left:0px;--awb-border-radius-top-right:0px;--awb-border-radius-bottom-right:0px;--awb-border-radius-bottom-left:0px;--awb-padding-top:30px;--awb-padding-right:0px;--awb-padding-bottom:30px;--awb-padding-left:0px;--awb-background-color:#2d2d2d;--awb-flex-wrap:wrap;\" ><div class=\"fusion-builder-row fusion-row fusion-flex-align-items-flex-start fusion-flex-content-wrap\" style=\"max-width:calc( 1200px + 0px );margin-left: calc(-0px \/ 2 );margin-right: calc(-0px \/ 2 );\"><div class=\"fusion-layout-column fusion_builder_column fusion-builder-column-7 fusion_builder_column_1_1 1_1 fusion-flex-column\" style=\"--awb-padding-top:15px;--awb-bg-size:cover;--awb-width-large:100%;--awb-margin-top-large:0px;--awb-spacing-right-large:0px;--awb-margin-bottom-large:20px;--awb-spacing-left-large:0px;--awb-width-medium:100%;--awb-spacing-right-medium:0px;--awb-spacing-left-medium:0px;--awb-width-small:100%;--awb-spacing-right-small:0px;--awb-spacing-left-small:0px;\"><div class=\"fusion-column-wrapper fusion-column-has-shadow fusion-flex-justify-content-flex-start fusion-content-layout-column\"><div class=\"fusion-text fusion-text-10\"><p style=\"text-align: center; color: white; font-size: 16px;\">Non perdere la nuova collezione<\/p>\n<\/div><div style=\"text-align:center;\"><a class=\"fusion-button button-flat button-large button-custom fusion-button-default button-1 fusion-button-default-span fusion-button-default-type\" style=\"--button_accent_color:#ffffff;--button_accent_hover_color:#000000;--button_border_hover_color:#ffffff;--button-border-radius-top-left:0;--button-border-radius-top-right:0;--button-border-radius-bottom-right:0;--button-border-radius-bottom-left:0;--button_gradient_top_color:#ffc107;--button_gradient_bottom_color:#ffc107;--button_gradient_top_color_hover:#ffffff;--button_gradient_bottom_color_hover:#ffffff;\" target=\"_self\" href=\"https:\/\/www.lumis.it\/it\/new-collection-2022\/\"><span class=\"fusion-button-text awb-button__text awb-button__text--default\">SCOPRI ORA<\/span><\/a><\/div><\/div><\/div><\/div><\/div><\/p>\n","protected":false},"excerpt":{"rendered":"","protected":false},"author":1,"featured_media":0,"parent":0,"menu_order":0,"comment_status":"closed","ping_status":"closed","template":"100-width.php","meta":{"_acf_changed":false,"footnotes":""},"class_list":["post-28430","page","type-page","status-publish","hentry"],"acf":[],"yoast_head":"<!-- This site is optimized with the Yoast SEO plugin v26.8 - https:\/\/yoast.com\/product\/yoast-seo-wordpress\/ -->\n<title>SPECIALE BAGNO - LUMIS<\/title>\n<meta name=\"robots\" content=\"index, follow, max-snippet:-1, max-image-preview:large, max-video-preview:-1\" \/>\n<link rel=\"canonical\" href=\"https:\/\/www.lumis.it\/it\/speciale-bagno\/\" \/>\n<meta property=\"og:locale\" content=\"it_IT\" \/>\n<meta property=\"og:type\" content=\"article\" \/>\n<meta property=\"og:title\" content=\"SPECIALE BAGNO - LUMIS\" \/>\n<meta property=\"og:url\" content=\"https:\/\/www.lumis.it\/it\/speciale-bagno\/\" \/>\n<meta property=\"og:site_name\" content=\"LUMIS\" \/>\n<meta property=\"article:publisher\" content=\"https:\/\/www.facebook.com\/Lumis-143963789005293\" \/>\n<meta property=\"article:modified_time\" content=\"2023-06-13T14:41:02+00:00\" \/>\n<meta property=\"og:image\" content=\"https:\/\/www.lumis.it\/wp-content\/uploads\/2021\/01\/foto4.jpg\" \/>\n\t<meta property=\"og:image:width\" content=\"1200\" \/>\n\t<meta property=\"og:image:height\" content=\"1200\" \/>\n\t<meta property=\"og:image:type\" content=\"image\/jpeg\" \/>\n<meta name=\"twitter:card\" content=\"summary_large_image\" \/>\n<meta name=\"twitter:label1\" content=\"Tempo di lettura stimato\" \/>\n\t<meta name=\"twitter:data1\" content=\"16 minuti\" \/>\n<script type=\"application\/ld+json\" class=\"yoast-schema-graph\">{\"@context\":\"https:\/\/schema.org\",\"@graph\":[{\"@type\":\"WebPage\",\"@id\":\"https:\/\/www.lumis.it\/it\/speciale-bagno\/\",\"url\":\"https:\/\/www.lumis.it\/it\/speciale-bagno\/\",\"name\":\"SPECIALE BAGNO - LUMIS\",\"isPartOf\":{\"@id\":\"https:\/\/www.lumis.it\/it\/#website\"},\"datePublished\":\"2023-06-13T14:40:10+00:00\",\"dateModified\":\"2023-06-13T14:41:02+00:00\",\"breadcrumb\":{\"@id\":\"https:\/\/www.lumis.it\/it\/speciale-bagno\/#breadcrumb\"},\"inLanguage\":\"it-IT\",\"potentialAction\":[{\"@type\":\"ReadAction\",\"target\":[\"https:\/\/www.lumis.it\/it\/speciale-bagno\/\"]}]},{\"@type\":\"BreadcrumbList\",\"@id\":\"https:\/\/www.lumis.it\/it\/speciale-bagno\/#breadcrumb\",\"itemListElement\":[{\"@type\":\"ListItem\",\"position\":1,\"name\":\"Home\",\"item\":\"https:\/\/www.lumis.it\/it\/\"},{\"@type\":\"ListItem\",\"position\":2,\"name\":\"SPECIALE BAGNO\"}]},{\"@type\":\"WebSite\",\"@id\":\"https:\/\/www.lumis.it\/it\/#website\",\"url\":\"https:\/\/www.lumis.it\/it\/\",\"name\":\"LUMIS\",\"description\":\"Hotel and contract lighting\",\"potentialAction\":[{\"@type\":\"SearchAction\",\"target\":{\"@type\":\"EntryPoint\",\"urlTemplate\":\"https:\/\/www.lumis.it\/it\/?s={search_term_string}\"},\"query-input\":{\"@type\":\"PropertyValueSpecification\",\"valueRequired\":true,\"valueName\":\"search_term_string\"}}],\"inLanguage\":\"it-IT\"}]}<\/script>\n<!-- \/ Yoast SEO plugin. -->","yoast_head_json":{"title":"SPECIALE BAGNO - LUMIS","robots":{"index":"index","follow":"follow","max-snippet":"max-snippet:-1","max-image-preview":"max-image-preview:large","max-video-preview":"max-video-preview:-1"},"canonical":"https:\/\/www.lumis.it\/it\/speciale-bagno\/","og_locale":"it_IT","og_type":"article","og_title":"SPECIALE BAGNO - LUMIS","og_url":"https:\/\/www.lumis.it\/it\/speciale-bagno\/","og_site_name":"LUMIS","article_publisher":"https:\/\/www.facebook.com\/Lumis-143963789005293","article_modified_time":"2023-06-13T14:41:02+00:00","og_image":[{"width":1200,"height":1200,"url":"https:\/\/www.lumis.it\/wp-content\/uploads\/2021\/01\/foto4.jpg","type":"image\/jpeg"}],"twitter_card":"summary_large_image","twitter_misc":{"Tempo di lettura stimato":"16 minuti"},"schema":{"@context":"https:\/\/schema.org","@graph":[{"@type":"WebPage","@id":"https:\/\/www.lumis.it\/it\/speciale-bagno\/","url":"https:\/\/www.lumis.it\/it\/speciale-bagno\/","name":"SPECIALE BAGNO - LUMIS","isPartOf":{"@id":"https:\/\/www.lumis.it\/it\/#website"},"datePublished":"2023-06-13T14:40:10+00:00","dateModified":"2023-06-13T14:41:02+00:00","breadcrumb":{"@id":"https:\/\/www.lumis.it\/it\/speciale-bagno\/#breadcrumb"},"inLanguage":"it-IT","potentialAction":[{"@type":"ReadAction","target":["https:\/\/www.lumis.it\/it\/speciale-bagno\/"]}]},{"@type":"BreadcrumbList","@id":"https:\/\/www.lumis.it\/it\/speciale-bagno\/#breadcrumb","itemListElement":[{"@type":"ListItem","position":1,"name":"Home","item":"https:\/\/www.lumis.it\/it\/"},{"@type":"ListItem","position":2,"name":"SPECIALE BAGNO"}]},{"@type":"WebSite","@id":"https:\/\/www.lumis.it\/it\/#website","url":"https:\/\/www.lumis.it\/it\/","name":"LUMIS","description":"Hotel and contract lighting","potentialAction":[{"@type":"SearchAction","target":{"@type":"EntryPoint","urlTemplate":"https:\/\/www.lumis.it\/it\/?s={search_term_string}"},"query-input":{"@type":"PropertyValueSpecification","valueRequired":true,"valueName":"search_term_string"}}],"inLanguage":"it-IT"}]}},"_links":{"self":[{"href":"https:\/\/www.lumis.it\/it\/wp-json\/wp\/v2\/pages\/28430","targetHints":{"allow":["GET"]}}],"collection":[{"href":"https:\/\/www.lumis.it\/it\/wp-json\/wp\/v2\/pages"}],"about":[{"href":"https:\/\/www.lumis.it\/it\/wp-json\/wp\/v2\/types\/page"}],"author":[{"embeddable":true,"href":"https:\/\/www.lumis.it\/it\/wp-json\/wp\/v2\/users\/1"}],"replies":[{"embeddable":true,"href":"https:\/\/www.lumis.it\/it\/wp-json\/wp\/v2\/comments?post=28430"}],"version-history":[{"count":6,"href":"https:\/\/www.lumis.it\/it\/wp-json\/wp\/v2\/pages\/28430\/revisions"}],"predecessor-version":[{"id":28477,"href":"https:\/\/www.lumis.it\/it\/wp-json\/wp\/v2\/pages\/28430\/revisions\/28477"}],"wp:attachment":[{"href":"https:\/\/www.lumis.it\/it\/wp-json\/wp\/v2\/media?parent=28430"}],"curies":[{"name":"wp","href":"https:\/\/api.w.org\/{rel}","templated":true}]}}