{"id":29295,"date":"2025-06-03T23:00:44","date_gmt":"2025-06-03T21:00:44","guid":{"rendered":"https:\/\/www.lumis.it\/?page_id=29295"},"modified":"2025-06-03T23:09:19","modified_gmt":"2025-06-03T21:09:19","slug":"luce-dautore-al-viminale","status":"publish","type":"page","link":"https:\/\/www.lumis.it\/it\/luce-dautore-al-viminale\/","title":{"rendered":"Luce d\u2019autore al Viminale"},"content":{"rendered":"<p><div class=\"fusion-fullwidth fullwidth-box fusion-builder-row-1 fusion-flex-container has-pattern-background has-mask-background hundred-percent-fullwidth non-hundred-percent-height-scrolling\" style=\"--awb-border-radius-top-left:0px;--awb-border-radius-top-right:0px;--awb-border-radius-bottom-right:0px;--awb-border-radius-bottom-left:0px;--awb-padding-top:0px;--awb-padding-right:0px;--awb-padding-bottom:0px;--awb-padding-left:0px;--awb-margin-top:0px;--awb-margin-bottom:0px;--awb-flex-wrap:wrap;\" ><div class=\"fusion-builder-row fusion-row fusion-flex-align-items-flex-start fusion-flex-content-wrap\" style=\"width:104% !important;max-width:104% !important;margin-left: calc(-4% \/ 2 );margin-right: calc(-4% \/ 2 );\"><div class=\"fusion-layout-column fusion_builder_column fusion-builder-column-0 fusion_builder_column_1_1 1_1 fusion-flex-column\" style=\"--awb-padding-top:0px;--awb-padding-right:0px;--awb-padding-bottom:0px;--awb-padding-left:0px;--awb-bg-size:cover;--awb-width-large:100%;--awb-margin-top-large:0px;--awb-spacing-right-large:1.92%;--awb-margin-bottom-large:0px;--awb-spacing-left-large:1.92%;--awb-width-medium:100%;--awb-order-medium:0;--awb-spacing-right-medium:1.92%;--awb-spacing-left-medium:1.92%;--awb-width-small:100%;--awb-order-small:0;--awb-spacing-right-small:1.92%;--awb-spacing-left-small:1.92%;\" data-scroll-devices=\"small-visibility,medium-visibility,large-visibility\"><div class=\"fusion-column-wrapper fusion-column-has-shadow fusion-flex-justify-content-flex-start fusion-content-layout-column\"><div class=\"fusion-image-element \" style=\"--awb-aspect-ratio:21 \/ 9;--awb-object-position:40% 42%;--awb-margin-top:0px;--awb-margin-right:0px;--awb-margin-bottom:0px;--awb-margin-left:0px;--awb-caption-title-font-family:var(--h2_typography-font-family);--awb-caption-title-font-weight:var(--h2_typography-font-weight);--awb-caption-title-font-style:var(--h2_typography-font-style);--awb-caption-title-size:var(--h2_typography-font-size);--awb-caption-title-transform:var(--h2_typography-text-transform);--awb-caption-title-line-height:var(--h2_typography-line-height);--awb-caption-title-letter-spacing:var(--h2_typography-letter-spacing);\"><span class=\" fusion-imageframe imageframe-none imageframe-1 hover-type-none has-aspect-ratio\"><img decoding=\"async\" width=\"2560\" height=\"1707\" title=\"viminale 1-scaled\" src=\"https:\/\/www.lumis.it\/wp-content\/uploads\/2025\/06\/viminale-1-scaled-1.jpg\" class=\"img-responsive wp-image-29299 img-with-aspect-ratio\" data-parent-fit=\"cover\" data-parent-container=\".fusion-image-element\" alt srcset=\"https:\/\/www.lumis.it\/wp-content\/uploads\/2025\/06\/viminale-1-scaled-1-200x133.jpg 200w, https:\/\/www.lumis.it\/wp-content\/uploads\/2025\/06\/viminale-1-scaled-1-400x267.jpg 400w, https:\/\/www.lumis.it\/wp-content\/uploads\/2025\/06\/viminale-1-scaled-1-600x400.jpg 600w, https:\/\/www.lumis.it\/wp-content\/uploads\/2025\/06\/viminale-1-scaled-1-800x533.jpg 800w, https:\/\/www.lumis.it\/wp-content\/uploads\/2025\/06\/viminale-1-scaled-1-1200x800.jpg 1200w, https:\/\/www.lumis.it\/wp-content\/uploads\/2025\/06\/viminale-1-scaled-1.jpg 2560w\" sizes=\"(max-width: 640px) 100vw, 1200px\" \/><\/span><\/div><\/div><\/div><\/div><\/div><div class=\"fusion-fullwidth fullwidth-box fusion-builder-row-2 fusion-flex-container nonhundred-percent-fullwidth non-hundred-percent-height-scrolling\" style=\"--awb-border-radius-top-left:0px;--awb-border-radius-top-right:0px;--awb-border-radius-bottom-right:0px;--awb-border-radius-bottom-left:0px;--awb-padding-top:0px;--awb-padding-bottom:0px;--awb-margin-top:20px;--awb-flex-wrap:wrap;\" ><div class=\"fusion-builder-row fusion-row fusion-flex-align-items-flex-start fusion-flex-content-wrap\" style=\"max-width:1248px;margin-left: calc(-4% \/ 2 );margin-right: calc(-4% \/ 2 );\"><div class=\"fusion-layout-column fusion_builder_column fusion-builder-column-1 fusion_builder_column_1_1 1_1 fusion-flex-column\" style=\"--awb-padding-top:34px;--awb-padding-right:20%;--awb-padding-bottom:34px;--awb-padding-left:20%;--awb-bg-size:cover;--awb-width-large:100%;--awb-margin-top-large:0px;--awb-spacing-right-large:1.92%;--awb-margin-bottom-large:0px;--awb-spacing-left-large:1.92%;--awb-width-medium:100%;--awb-order-medium:0;--awb-spacing-right-medium:1.92%;--awb-spacing-left-medium:1.92%;--awb-width-small:100%;--awb-order-small:0;--awb-spacing-right-small:1.92%;--awb-spacing-left-small:1.92%;\" data-scroll-devices=\"small-visibility,medium-visibility,large-visibility\"><div class=\"fusion-column-wrapper fusion-column-has-shadow fusion-flex-justify-content-flex-start fusion-content-layout-column\"><div class=\"fusion-separator fusion-full-width-sep\" style=\"align-self: center;margin-left: auto;margin-right: auto;width:100%;\"><div class=\"fusion-separator-border sep-double\" style=\"--awb-height:20px;--awb-amount:20px;--awb-sep-color:#ffffff;border-color:#ffffff;border-top-width:4px;border-bottom-width:4px;\"><\/div><\/div><div class=\"fusion-text fusion-text-1\"><h2>Luce d\u2019autore al Viminale<\/h2>\n<p>A Roma c\u2019\u00e8 un posto dove le persone possono soggiornare respirando i millenni di storia che i vicoli di quel luogo custodiscono. Il posto in questione \u00e8 l\u2019Hotel Viminale e quando vi si entra dentro si rimane affascinati da una cosa in particolare: la luce.<\/p>\n<p>L\u2019Hotel Viminale \u00e8 racchiuso all\u2019interno del rione Monti, un rione dal fascino intramontabile perch\u00e9 \u00e8 il rione dei Fori Imperiali, vicino al Colosseo, in un\u2019area della citt\u00e0 eterna che unisce storia antica e modernit\u00e0.<\/p>\n<p>Qui prende vita un\u2019esperienza sensoriale che non si limita all\u2019ospitalit\u00e0 dell\u2019hotel, ma la supera. L\u2019esperienza \u00e8 data dalla luce \u2013 firmata Lumis \u2013 che riesce a rendere ogni angolo come una scena di un film.<\/p>\n<p>Un progetto di illuminazione che accarezza l\u2019anima, un intervento realizzato su misura dove si notano l\u2019amore per l\u2019estetica, il comfort e l\u2019autenticit\u00e0. L\u2019intera struttura dell\u2019hotel \u2013 con camere che vanno dalla standard alla junior suite distribuite su cinque piani \u2013 \u00e8 stata reinterpretata attraverso un progetto luminoso sartoriale.<\/p>\n<p>Nella hall dell\u2019Hotel Viminale, si viene accolti da un\u2019imponente creazione luminosa in ottone e vetro. Non \u00e8 solo un lampadario: \u00e8 una presenza scenica, un moderno candelabro che sembra sospeso tra il passato e il presente, un invito a lasciarsi avvolgere dal lusso discreto di un\u2019accoglienza autentica.<\/p>\n<p>Nelle camere, ogni dettaglio \u00e8 curato per offrire agli ospiti non solo un luogo in cui riposare, ma uno spazio dove ritrovare s\u00e9 stessi. Gli specchi retro illuminati, realizzati su misura, trasformano i bagni in piccole oasi di benessere, mentre le tonalit\u00e0 calde della luce accarezzano i volti e puntano al relax degli ospiti.<\/p>\n<p>Questo progetto di luce \u00e8 anche un inno alla tradizione italiana. Ogni elemento \u00e8 frutto del savoir-faire toscano di Lumis, che fonde lavorazioni artigianali e visione contemporanea. Nulla \u00e8 lasciato al caso: tutto \u00e8 pensato, plasmato, realizzato con la cura di chi conosce il valore del dettaglio.<\/p>\n<\/div><div class=\"awb-gallery-wrapper awb-gallery-wrapper-1 button-span-no\" style=\"--more-btn-alignment:center;\"><div style=\"margin:-5px;--awb-bordersize:0px;\" class=\"fusion-gallery fusion-gallery-container fusion-grid-2 fusion-columns-total-12 fusion-gallery-layout-grid fusion-gallery-1\"><div style=\"padding:5px;\" class=\"fusion-grid-column fusion-gallery-column fusion-gallery-column-2 hover-type-none\"><div class=\"fusion-gallery-image\"><a href=\"https:\/\/www.lumis.it\/wp-content\/uploads\/2024\/07\/1-scaled.jpg\" rel=\"noreferrer\" data-rel=\"iLightbox[gallery_image_1]\" class=\"fusion-lightbox\" target=\"_self\"><img decoding=\"async\" src=\"https:\/\/www.lumis.it\/wp-content\/uploads\/2024\/07\/1-460x295.jpg\" width=\"460\" height=\"295\" alt=\"\" title=\"1\" aria-label=\"1\" class=\"img-responsive wp-image-29134 fusion-gallery-image-size-fixed\"  \/><\/a><\/div><\/div><div style=\"padding:5px;\" class=\"fusion-grid-column fusion-gallery-column fusion-gallery-column-2 hover-type-none\"><div class=\"fusion-gallery-image\"><a href=\"https:\/\/www.lumis.it\/wp-content\/uploads\/2024\/07\/2--scaled.jpg\" rel=\"noreferrer\" data-rel=\"iLightbox[gallery_image_1]\" class=\"fusion-lightbox\" target=\"_self\"><img decoding=\"async\" src=\"https:\/\/www.lumis.it\/wp-content\/uploads\/2024\/07\/2--460x295.jpg\" width=\"460\" height=\"295\" alt=\"\" title=\"2\" aria-label=\"2\" class=\"img-responsive wp-image-29137 fusion-gallery-image-size-fixed\"  \/><\/a><\/div><\/div><div class=\"clearfix\"><\/div><div style=\"padding:5px;\" class=\"fusion-grid-column fusion-gallery-column fusion-gallery-column-2 hover-type-none\"><div class=\"fusion-gallery-image\"><a href=\"https:\/\/www.lumis.it\/wp-content\/uploads\/2024\/07\/3-scaled.jpg\" rel=\"noreferrer\" data-rel=\"iLightbox[gallery_image_1]\" class=\"fusion-lightbox\" target=\"_self\"><img decoding=\"async\" src=\"https:\/\/www.lumis.it\/wp-content\/uploads\/2024\/07\/3-460x295.jpg\" width=\"460\" height=\"295\" alt=\"\" title=\"3\" aria-label=\"3\" class=\"img-responsive wp-image-29140 fusion-gallery-image-size-fixed\"  \/><\/a><\/div><\/div><div style=\"padding:5px;\" class=\"fusion-grid-column fusion-gallery-column fusion-gallery-column-2 hover-type-none\"><div class=\"fusion-gallery-image\"><a href=\"https:\/\/www.lumis.it\/wp-content\/uploads\/2024\/07\/4-scaled.jpg\" rel=\"noreferrer\" data-rel=\"iLightbox[gallery_image_1]\" class=\"fusion-lightbox\" target=\"_self\"><img decoding=\"async\" src=\"https:\/\/www.lumis.it\/wp-content\/uploads\/2024\/07\/4-460x295.jpg\" width=\"460\" height=\"295\" alt=\"\" title=\"4\" aria-label=\"4\" class=\"img-responsive wp-image-29143 fusion-gallery-image-size-fixed\"  \/><\/a><\/div><\/div><div class=\"clearfix\"><\/div><div style=\"padding:5px;\" class=\"fusion-grid-column fusion-gallery-column fusion-gallery-column-2 hover-type-none\"><div class=\"fusion-gallery-image\"><a href=\"https:\/\/www.lumis.it\/wp-content\/uploads\/2024\/07\/5-scaled.jpg\" rel=\"noreferrer\" data-rel=\"iLightbox[gallery_image_1]\" class=\"fusion-lightbox\" target=\"_self\"><img decoding=\"async\" src=\"https:\/\/www.lumis.it\/wp-content\/uploads\/2024\/07\/5-460x295.jpg\" width=\"460\" height=\"295\" alt=\"\" title=\"5\" aria-label=\"5\" class=\"img-responsive wp-image-29146 fusion-gallery-image-size-fixed\"  \/><\/a><\/div><\/div><div style=\"padding:5px;\" class=\"fusion-grid-column fusion-gallery-column fusion-gallery-column-2 hover-type-none\"><div class=\"fusion-gallery-image\"><a href=\"https:\/\/www.lumis.it\/wp-content\/uploads\/2024\/07\/6-scaled.jpg\" rel=\"noreferrer\" data-rel=\"iLightbox[gallery_image_1]\" class=\"fusion-lightbox\" target=\"_self\"><img decoding=\"async\" src=\"https:\/\/www.lumis.it\/wp-content\/uploads\/2024\/07\/6-460x295.jpg\" width=\"460\" height=\"295\" alt=\"\" title=\"6\" aria-label=\"6\" class=\"img-responsive wp-image-29149 fusion-gallery-image-size-fixed\"  \/><\/a><\/div><\/div><div class=\"clearfix\"><\/div><div style=\"padding:5px;\" class=\"fusion-grid-column fusion-gallery-column fusion-gallery-column-2 hover-type-none\"><div class=\"fusion-gallery-image\"><a href=\"https:\/\/www.lumis.it\/wp-content\/uploads\/2024\/07\/7-scaled.jpg\" rel=\"noreferrer\" data-rel=\"iLightbox[gallery_image_1]\" class=\"fusion-lightbox\" target=\"_self\"><img decoding=\"async\" src=\"https:\/\/www.lumis.it\/wp-content\/uploads\/2024\/07\/7-460x295.jpg\" width=\"460\" height=\"295\" alt=\"\" title=\"7\" aria-label=\"7\" class=\"img-responsive wp-image-29152 fusion-gallery-image-size-fixed\"  \/><\/a><\/div><\/div><div style=\"padding:5px;\" class=\"fusion-grid-column fusion-gallery-column fusion-gallery-column-2 hover-type-none\"><div class=\"fusion-gallery-image\"><a href=\"https:\/\/www.lumis.it\/wp-content\/uploads\/2024\/07\/8-scaled.jpg\" rel=\"noreferrer\" data-rel=\"iLightbox[gallery_image_1]\" class=\"fusion-lightbox\" target=\"_self\"><img decoding=\"async\" src=\"https:\/\/www.lumis.it\/wp-content\/uploads\/2024\/07\/8-460x295.jpg\" width=\"460\" height=\"295\" alt=\"\" title=\"8\" aria-label=\"8\" class=\"img-responsive wp-image-29155 fusion-gallery-image-size-fixed\"  \/><\/a><\/div><\/div><div class=\"clearfix\"><\/div><div style=\"padding:5px;\" class=\"fusion-grid-column fusion-gallery-column fusion-gallery-column-2 hover-type-none\"><div class=\"fusion-gallery-image\"><a href=\"https:\/\/www.lumis.it\/wp-content\/uploads\/2024\/07\/9-scaled.jpg\" rel=\"noreferrer\" data-rel=\"iLightbox[gallery_image_1]\" class=\"fusion-lightbox\" target=\"_self\"><img decoding=\"async\" src=\"https:\/\/www.lumis.it\/wp-content\/uploads\/2024\/07\/9-460x295.jpg\" width=\"460\" height=\"295\" alt=\"\" title=\"9\" aria-label=\"9\" class=\"img-responsive wp-image-29158 fusion-gallery-image-size-fixed\"  \/><\/a><\/div><\/div><div style=\"padding:5px;\" class=\"fusion-grid-column fusion-gallery-column fusion-gallery-column-2 hover-type-none\"><div class=\"fusion-gallery-image\"><a href=\"https:\/\/www.lumis.it\/wp-content\/uploads\/2024\/07\/10-scaled.jpg\" rel=\"noreferrer\" data-rel=\"iLightbox[gallery_image_1]\" class=\"fusion-lightbox\" target=\"_self\"><img decoding=\"async\" src=\"https:\/\/www.lumis.it\/wp-content\/uploads\/2024\/07\/10-460x295.jpg\" width=\"460\" height=\"295\" alt=\"\" title=\"10\" aria-label=\"10\" class=\"img-responsive wp-image-29161 fusion-gallery-image-size-fixed\"  \/><\/a><\/div><\/div><div class=\"clearfix\"><\/div><div style=\"padding:5px;\" class=\"fusion-grid-column fusion-gallery-column fusion-gallery-column-2 hover-type-none\"><div class=\"fusion-gallery-image\"><a href=\"https:\/\/www.lumis.it\/wp-content\/uploads\/2024\/07\/11-scaled.jpg\" rel=\"noreferrer\" data-rel=\"iLightbox[gallery_image_1]\" class=\"fusion-lightbox\" target=\"_self\"><img decoding=\"async\" src=\"https:\/\/www.lumis.it\/wp-content\/uploads\/2024\/07\/11-460x295.jpg\" width=\"460\" height=\"295\" alt=\"\" title=\"11\" aria-label=\"11\" class=\"img-responsive wp-image-29164 fusion-gallery-image-size-fixed\"  \/><\/a><\/div><\/div><div style=\"padding:5px;\" class=\"fusion-grid-column fusion-gallery-column fusion-gallery-column-2 hover-type-none\"><div class=\"fusion-gallery-image\"><a href=\"https:\/\/www.lumis.it\/wp-content\/uploads\/2024\/07\/12-scaled.jpg\" rel=\"noreferrer\" data-rel=\"iLightbox[gallery_image_1]\" class=\"fusion-lightbox\" target=\"_self\"><img decoding=\"async\" src=\"https:\/\/www.lumis.it\/wp-content\/uploads\/2024\/07\/12-460x295.jpg\" width=\"460\" height=\"295\" alt=\"\" title=\"12\" aria-label=\"12\" class=\"img-responsive wp-image-29167 fusion-gallery-image-size-fixed\"  \/><\/a><\/div><\/div><div class=\"clearfix\"><\/div><\/div><\/div><\/div><\/div><\/div><\/div><\/p>\n","protected":false},"excerpt":{"rendered":"","protected":false},"author":1,"featured_media":0,"parent":0,"menu_order":0,"comment_status":"closed","ping_status":"closed","template":"100-width.php","meta":{"_acf_changed":false,"footnotes":""},"class_list":["post-29295","page","type-page","status-publish","hentry"],"acf":[],"yoast_head":"<!-- This site is optimized with the Yoast SEO plugin v26.8 - https:\/\/yoast.com\/product\/yoast-seo-wordpress\/ -->\n<title>Luce d\u2019autore al Viminale - LUMIS<\/title>\n<meta name=\"robots\" content=\"index, follow, max-snippet:-1, max-image-preview:large, max-video-preview:-1\" \/>\n<link rel=\"canonical\" href=\"https:\/\/www.lumis.it\/it\/luce-dautore-al-viminale\/\" \/>\n<meta property=\"og:locale\" content=\"it_IT\" \/>\n<meta property=\"og:type\" content=\"article\" \/>\n<meta property=\"og:title\" content=\"Luce d\u2019autore al Viminale - LUMIS\" \/>\n<meta property=\"og:url\" content=\"https:\/\/www.lumis.it\/it\/luce-dautore-al-viminale\/\" \/>\n<meta property=\"og:site_name\" content=\"LUMIS\" \/>\n<meta property=\"article:publisher\" content=\"https:\/\/www.facebook.com\/Lumis-143963789005293\" \/>\n<meta property=\"article:modified_time\" content=\"2025-06-03T21:09:19+00:00\" \/>\n<meta property=\"og:image\" content=\"https:\/\/www.lumis.it\/wp-content\/uploads\/2021\/01\/foto4.jpg\" \/>\n\t<meta property=\"og:image:width\" content=\"1200\" \/>\n\t<meta property=\"og:image:height\" content=\"1200\" \/>\n\t<meta property=\"og:image:type\" content=\"image\/jpeg\" \/>\n<meta name=\"twitter:card\" content=\"summary_large_image\" \/>\n<meta name=\"twitter:label1\" content=\"Tempo di lettura stimato\" \/>\n\t<meta name=\"twitter:data1\" content=\"4 minuti\" \/>\n<script type=\"application\/ld+json\" class=\"yoast-schema-graph\">{\"@context\":\"https:\/\/schema.org\",\"@graph\":[{\"@type\":\"WebPage\",\"@id\":\"https:\/\/www.lumis.it\/it\/luce-dautore-al-viminale\/\",\"url\":\"https:\/\/www.lumis.it\/it\/luce-dautore-al-viminale\/\",\"name\":\"Luce d\u2019autore al Viminale - LUMIS\",\"isPartOf\":{\"@id\":\"https:\/\/www.lumis.it\/it\/#website\"},\"datePublished\":\"2025-06-03T21:00:44+00:00\",\"dateModified\":\"2025-06-03T21:09:19+00:00\",\"breadcrumb\":{\"@id\":\"https:\/\/www.lumis.it\/it\/luce-dautore-al-viminale\/#breadcrumb\"},\"inLanguage\":\"it-IT\",\"potentialAction\":[{\"@type\":\"ReadAction\",\"target\":[\"https:\/\/www.lumis.it\/it\/luce-dautore-al-viminale\/\"]}]},{\"@type\":\"BreadcrumbList\",\"@id\":\"https:\/\/www.lumis.it\/it\/luce-dautore-al-viminale\/#breadcrumb\",\"itemListElement\":[{\"@type\":\"ListItem\",\"position\":1,\"name\":\"Home\",\"item\":\"https:\/\/www.lumis.it\/it\/\"},{\"@type\":\"ListItem\",\"position\":2,\"name\":\"Luce d\u2019autore al Viminale\"}]},{\"@type\":\"WebSite\",\"@id\":\"https:\/\/www.lumis.it\/it\/#website\",\"url\":\"https:\/\/www.lumis.it\/it\/\",\"name\":\"LUMIS\",\"description\":\"Hotel and contract lighting\",\"potentialAction\":[{\"@type\":\"SearchAction\",\"target\":{\"@type\":\"EntryPoint\",\"urlTemplate\":\"https:\/\/www.lumis.it\/it\/?s={search_term_string}\"},\"query-input\":{\"@type\":\"PropertyValueSpecification\",\"valueRequired\":true,\"valueName\":\"search_term_string\"}}],\"inLanguage\":\"it-IT\"}]}<\/script>\n<!-- \/ Yoast SEO plugin. -->","yoast_head_json":{"title":"Luce d\u2019autore al Viminale - LUMIS","robots":{"index":"index","follow":"follow","max-snippet":"max-snippet:-1","max-image-preview":"max-image-preview:large","max-video-preview":"max-video-preview:-1"},"canonical":"https:\/\/www.lumis.it\/it\/luce-dautore-al-viminale\/","og_locale":"it_IT","og_type":"article","og_title":"Luce d\u2019autore al Viminale - LUMIS","og_url":"https:\/\/www.lumis.it\/it\/luce-dautore-al-viminale\/","og_site_name":"LUMIS","article_publisher":"https:\/\/www.facebook.com\/Lumis-143963789005293","article_modified_time":"2025-06-03T21:09:19+00:00","og_image":[{"width":1200,"height":1200,"url":"https:\/\/www.lumis.it\/wp-content\/uploads\/2021\/01\/foto4.jpg","type":"image\/jpeg"}],"twitter_card":"summary_large_image","twitter_misc":{"Tempo di lettura stimato":"4 minuti"},"schema":{"@context":"https:\/\/schema.org","@graph":[{"@type":"WebPage","@id":"https:\/\/www.lumis.it\/it\/luce-dautore-al-viminale\/","url":"https:\/\/www.lumis.it\/it\/luce-dautore-al-viminale\/","name":"Luce d\u2019autore al Viminale - LUMIS","isPartOf":{"@id":"https:\/\/www.lumis.it\/it\/#website"},"datePublished":"2025-06-03T21:00:44+00:00","dateModified":"2025-06-03T21:09:19+00:00","breadcrumb":{"@id":"https:\/\/www.lumis.it\/it\/luce-dautore-al-viminale\/#breadcrumb"},"inLanguage":"it-IT","potentialAction":[{"@type":"ReadAction","target":["https:\/\/www.lumis.it\/it\/luce-dautore-al-viminale\/"]}]},{"@type":"BreadcrumbList","@id":"https:\/\/www.lumis.it\/it\/luce-dautore-al-viminale\/#breadcrumb","itemListElement":[{"@type":"ListItem","position":1,"name":"Home","item":"https:\/\/www.lumis.it\/it\/"},{"@type":"ListItem","position":2,"name":"Luce d\u2019autore al Viminale"}]},{"@type":"WebSite","@id":"https:\/\/www.lumis.it\/it\/#website","url":"https:\/\/www.lumis.it\/it\/","name":"LUMIS","description":"Hotel and contract lighting","potentialAction":[{"@type":"SearchAction","target":{"@type":"EntryPoint","urlTemplate":"https:\/\/www.lumis.it\/it\/?s={search_term_string}"},"query-input":{"@type":"PropertyValueSpecification","valueRequired":true,"valueName":"search_term_string"}}],"inLanguage":"it-IT"}]}},"_links":{"self":[{"href":"https:\/\/www.lumis.it\/it\/wp-json\/wp\/v2\/pages\/29295","targetHints":{"allow":["GET"]}}],"collection":[{"href":"https:\/\/www.lumis.it\/it\/wp-json\/wp\/v2\/pages"}],"about":[{"href":"https:\/\/www.lumis.it\/it\/wp-json\/wp\/v2\/types\/page"}],"author":[{"embeddable":true,"href":"https:\/\/www.lumis.it\/it\/wp-json\/wp\/v2\/users\/1"}],"replies":[{"embeddable":true,"href":"https:\/\/www.lumis.it\/it\/wp-json\/wp\/v2\/comments?post=29295"}],"version-history":[{"count":4,"href":"https:\/\/www.lumis.it\/it\/wp-json\/wp\/v2\/pages\/29295\/revisions"}],"predecessor-version":[{"id":29304,"href":"https:\/\/www.lumis.it\/it\/wp-json\/wp\/v2\/pages\/29295\/revisions\/29304"}],"wp:attachment":[{"href":"https:\/\/www.lumis.it\/it\/wp-json\/wp\/v2\/media?parent=29295"}],"curies":[{"name":"wp","href":"https:\/\/api.w.org\/{rel}","templated":true}]}}